{"id":20523,"date":"2020-12-22T16:59:34","date_gmt":"2020-12-22T13:59:34","guid":{"rendered":"https:\/\/xon.com.tr\/tur\/?page_id=20523"},"modified":"2023-02-27T19:41:55","modified_gmt":"2023-02-27T16:41:55","slug":"iletisim","status":"publish","type":"page","link":"https:\/\/xon.com.tr\/tur\/iletisim\/","title":{"rendered":"\u0130LET\u0130\u015e\u0130M"},"content":{"rendered":"<p>&nbsp;<\/p>\n<p style=\"text-align: center;\"><strong>SER\u0130 OF\u0130S OF\u0130S S\u0130STEMLER\u0130 LTD. \u015eT\u0130<\/strong><\/p>\n<p style=\"text-align: center;\">Emniyetevleri mah. Yeni\u00e7eri sok. No:11\/B 4. Levent\u00a0 &#8211; \u0130STANBUL<\/p>\n<p style=\"text-align: center;\">Tel : 0212 278 9475\u00a0 |\u00a0 Fax : 0212 278 9479<\/p>\n<p style=\"text-align: center;\">info@xon.com.tr<\/p>\n<p>&nbsp;<\/p>\n","protected":false},"excerpt":{"rendered":"<p>&nbsp; SER\u0130 OF\u0130S OF\u0130S S\u0130STEMLER\u0130 LTD. \u015eT\u0130 Emniyetevleri mah. Yeni\u00e7eri sok. No:11\/B 4. Levent\u00a0 &#8211; \u0130STANBUL Tel : 0212 278 9475\u00a0 |\u00a0 Fax : 0212 278 9479 info@xon.com.tr &nbsp;<\/p>\n","protected":false},"author":1,"featured_media":0,"parent":0,"menu_order":0,"comment_status":"closed","ping_status":"closed","template":"","meta":{"footnotes":""},"class_list":["post-20523","page","type-page","status-publish","hentry"],"_links":{"self":[{"href":"https:\/\/xon.com.tr\/tur\/wp-json\/wp\/v2\/pages\/20523","targetHints":{"allow":["GET"]}}],"collection":[{"href":"https:\/\/xon.com.tr\/tur\/wp-json\/wp\/v2\/pages"}],"about":[{"href":"https:\/\/xon.com.tr\/tur\/wp-json\/wp\/v2\/types\/page"}],"author":[{"embeddable":true,"href":"https:\/\/xon.com.tr\/tur\/wp-json\/wp\/v2\/users\/1"}],"replies":[{"embeddable":true,"href":"https:\/\/xon.com.tr\/tur\/wp-json\/wp\/v2\/comments?post=20523"}],"version-history":[{"count":2,"href":"https:\/\/xon.com.tr\/tur\/wp-json\/wp\/v2\/pages\/20523\/revisions"}],"predecessor-version":[{"id":20756,"href":"https:\/\/xon.com.tr\/tur\/wp-json\/wp\/v2\/pages\/20523\/revisions\/20756"}],"wp:attachment":[{"href":"https:\/\/xon.com.tr\/tur\/wp-json\/wp\/v2\/media?parent=20523"}],"curies":[{"name":"wp","href":"https:\/\/api.w.org\/{rel}","templated":true}]}}