{"id":20535,"date":"2020-12-25T17:53:47","date_gmt":"2020-12-25T14:53:47","guid":{"rendered":"https:\/\/xon.com.tr\/tur\/?page_id=20535"},"modified":"2023-03-01T17:35:42","modified_gmt":"2023-03-01T14:35:42","slug":"teknik-servis","status":"publish","type":"page","link":"https:\/\/xon.com.tr\/tur\/teknik-servis\/","title":{"rendered":"Teknik Servis"},"content":{"rendered":"<p>Firmam\u0131z taraf\u0131ndan \u00fcretilen ve \u0130thal edilen t\u00fcm makinelerimiz 2 y\u0131l garantili olup, Teknik Servisimiz \u00e7\u0131kabilecek sorunlara an\u0131nda m\u00fcdahale edecek ve sorunlara en k\u0131sa s\u00fcrede \u00e7\u00f6z\u00fcm \u00fcretebilecek yap\u0131dad\u0131r. Bu konuda l\u00fctfen direk Seriofis \u00c7\u00f6z\u00fcm merkezini arayarak, teknik destek talep ediniz.<\/p>\n<p>&nbsp;<\/p>\n<p>&nbsp;<\/p>\n","protected":false},"excerpt":{"rendered":"<p>Firmam\u0131z taraf\u0131ndan \u00fcretilen ve \u0130thal edilen t\u00fcm makinelerimiz 2 y\u0131l garantili olup, Teknik Servisimiz \u00e7\u0131kabilecek sorunlara an\u0131nda m\u00fcdahale edecek ve sorunlara en k\u0131sa s\u00fcrede \u00e7\u00f6z\u00fcm \u00fcretebilecek yap\u0131dad\u0131r. Bu konuda l\u00fctfen direk Seriofis \u00c7\u00f6z\u00fcm merkezini arayarak, teknik destek talep ediniz. &nbsp; &nbsp;<\/p>\n","protected":false},"author":1,"featured_media":0,"parent":0,"menu_order":0,"comment_status":"closed","ping_status":"closed","template":"","meta":{"footnotes":""},"class_list":["post-20535","page","type-page","status-publish","hentry"],"_links":{"self":[{"href":"https:\/\/xon.com.tr\/tur\/wp-json\/wp\/v2\/pages\/20535","targetHints":{"allow":["GET"]}}],"collection":[{"href":"https:\/\/xon.com.tr\/tur\/wp-json\/wp\/v2\/pages"}],"about":[{"href":"https:\/\/xon.com.tr\/tur\/wp-json\/wp\/v2\/types\/page"}],"author":[{"embeddable":true,"href":"https:\/\/xon.com.tr\/tur\/wp-json\/wp\/v2\/users\/1"}],"replies":[{"embeddable":true,"href":"https:\/\/xon.com.tr\/tur\/wp-json\/wp\/v2\/comments?post=20535"}],"version-history":[{"count":7,"href":"https:\/\/xon.com.tr\/tur\/wp-json\/wp\/v2\/pages\/20535\/revisions"}],"predecessor-version":[{"id":20864,"href":"https:\/\/xon.com.tr\/tur\/wp-json\/wp\/v2\/pages\/20535\/revisions\/20864"}],"wp:attachment":[{"href":"https:\/\/xon.com.tr\/tur\/wp-json\/wp\/v2\/media?parent=20535"}],"curies":[{"name":"wp","href":"https:\/\/api.w.org\/{rel}","templated":true}]}}