{"id":16410,"date":"2015-09-10T21:43:17","date_gmt":"2015-09-10T18:43:17","guid":{"rendered":"https:\/\/xon.com.tr\/tur\/?post_type=product&#038;p=16410"},"modified":"2020-11-11T13:07:12","modified_gmt":"2020-11-11T10:07:12","slug":"xon-plt-tabak-baski-presi","status":"publish","type":"product","link":"https:\/\/xon.com.tr\/tur\/magaza\/transfer-pres\/xon-plt-tabak-baski-presi\/","title":{"rendered":"XON PLT TABAK BASKI PRES\u0130"},"content":{"rendered":"","protected":false},"excerpt":{"rendered":"<p><strong>Tabak, fayans, metal, y\u00fczeylere \u0131s\u0131 transfer uygulamalar\u0131nda kullan\u0131l\u0131r. Tabak transfer bask\u0131 makinelerimiz size tabaklar\u0131n \u00fczerine harika ve y\u00fcksek \u00e7\u00f6z\u00fcn\u00fcrl\u00fckte foto\u011fraf veya yaz\u0131 basman\u0131z\u0131 sa\u011flayacakt\u0131r. Tabak presi ile foto\u011fraflar\u0131 tabaklar\u0131n \u00fczerine 2 dakikada basabilirsiniz. Elektronik ve dijital kontrol \u00fcnitesi voltaj\u0131 dengede tutar g\u00fcvenilir bir performans\u0131 garanti eder.<\/strong><\/p>\n<p>[fusion_checklist icon=&#8221;ok&#8221; iconcolor=&#8221;#aaaaaa&#8221; circle=&#8221;no&#8221;]<\/p>\n<ul>\n<li><strong>Voltaj: 220V<\/strong><\/li>\n<li><strong>G\u00fc\u00e7: 450W<\/strong><\/li>\n<li><strong>G.W: 15kg<\/strong><\/li>\n<li><strong>Garanti : 2 Y\u0131l<\/strong><\/li>\n<\/ul>\n<p>[\/fusion_checklist]<\/p>\n","protected":false},"featured_media":19921,"template":"","meta":[],"product_brand":[],"product_cat":[119],"product_tag":[193,128],"class_list":{"0":"post-16410","1":"product","2":"type-product","3":"status-publish","4":"has-post-thumbnail","6":"product_cat-transfer-pres","7":"product_tag-tabak-baski-presi","8":"product_tag-xon","10":"first","11":"instock","12":"featured","13":"taxable","14":"shipping-taxable","15":"purchasable","16":"product-type-simple"},"_links":{"self":[{"href":"https:\/\/xon.com.tr\/tur\/wp-json\/wp\/v2\/product\/16410","targetHints":{"allow":["GET"]}}],"collection":[{"href":"https:\/\/xon.com.tr\/tur\/wp-json\/wp\/v2\/product"}],"about":[{"href":"https:\/\/xon.com.tr\/tur\/wp-json\/wp\/v2\/types\/product"}],"wp:featuredmedia":[{"embeddable":true,"href":"https:\/\/xon.com.tr\/tur\/wp-json\/wp\/v2\/media\/19921"}],"wp:attachment":[{"href":"https:\/\/xon.com.tr\/tur\/wp-json\/wp\/v2\/media?parent=16410"}],"wp:term":[{"taxonomy":"product_brand","embeddable":true,"href":"https:\/\/xon.com.tr\/tur\/wp-json\/wp\/v2\/product_brand?post=16410"},{"taxonomy":"product_cat","embeddable":true,"href":"https:\/\/xon.com.tr\/tur\/wp-json\/wp\/v2\/product_cat?post=16410"},{"taxonomy":"product_tag","embeddable":true,"href":"https:\/\/xon.com.tr\/tur\/wp-json\/wp\/v2\/product_tag?post=16410"}],"curies":[{"name":"wp","href":"https:\/\/api.w.org\/{rel}","templated":true}]}}