{"id":16412,"date":"2015-09-10T21:46:32","date_gmt":"2015-09-10T18:46:32","guid":{"rendered":"https:\/\/xon.com.tr\/tur\/?post_type=product&#038;p=16412"},"modified":"2020-11-11T13:06:57","modified_gmt":"2020-11-11T10:06:57","slug":"xon-m3-sapka-baski-presi","status":"publish","type":"product","link":"https:\/\/xon.com.tr\/tur\/magaza\/transfer-pres\/xon-m3-sapka-baski-presi\/","title":{"rendered":"XON M3 \u015eAPKA BASKI PRES\u0130"},"content":{"rendered":"","protected":false},"excerpt":{"rendered":"<p><strong>Tekstil \u015fapka \u00fczerine bask\u0131 imkan\u0131 sa\u011flayan , kaliteli bask\u0131 presidir.\u00a0<\/strong><strong>Hem lazer bask\u0131 hemde sublimasyon sistemi ile uyumludur. Y\u00fcksek \u0131s\u0131ya dayan\u0131kl\u0131d\u0131r.<\/strong><\/p>\n<p>[fusion_checklist icon=&#8221;ok&#8221; iconcolor=&#8221;#aaaaaa&#8221; circle=&#8221;no&#8221;]<\/p>\n<ul>\n<li><strong>Voltaj: 220V<\/strong><\/li>\n<li><strong>G\u00fc\u00e7: 550W<\/strong><\/li>\n<li><strong>G.W: 17kg<\/strong><\/li>\n<li><strong>Garanti : 2 Y\u0131l<\/strong><\/li>\n<\/ul>\n<p>[\/fusion_checklist]<\/p>\n","protected":false},"featured_media":19919,"template":"","meta":[],"product_brand":[],"product_cat":[119],"product_tag":[192,128],"class_list":{"0":"post-16412","1":"product","2":"type-product","3":"status-publish","4":"has-post-thumbnail","6":"product_cat-transfer-pres","7":"product_tag-sapka-baski-presi","8":"product_tag-xon","10":"first","11":"instock","12":"taxable","13":"shipping-taxable","14":"purchasable","15":"product-type-simple"},"_links":{"self":[{"href":"https:\/\/xon.com.tr\/tur\/wp-json\/wp\/v2\/product\/16412","targetHints":{"allow":["GET"]}}],"collection":[{"href":"https:\/\/xon.com.tr\/tur\/wp-json\/wp\/v2\/product"}],"about":[{"href":"https:\/\/xon.com.tr\/tur\/wp-json\/wp\/v2\/types\/product"}],"wp:featuredmedia":[{"embeddable":true,"href":"https:\/\/xon.com.tr\/tur\/wp-json\/wp\/v2\/media\/19919"}],"wp:attachment":[{"href":"https:\/\/xon.com.tr\/tur\/wp-json\/wp\/v2\/media?parent=16412"}],"wp:term":[{"taxonomy":"product_brand","embeddable":true,"href":"https:\/\/xon.com.tr\/tur\/wp-json\/wp\/v2\/product_brand?post=16412"},{"taxonomy":"product_cat","embeddable":true,"href":"https:\/\/xon.com.tr\/tur\/wp-json\/wp\/v2\/product_cat?post=16412"},{"taxonomy":"product_tag","embeddable":true,"href":"https:\/\/xon.com.tr\/tur\/wp-json\/wp\/v2\/product_tag?post=16412"}],"curies":[{"name":"wp","href":"https:\/\/api.w.org\/{rel}","templated":true}]}}