{"id":16463,"date":"2015-09-11T03:40:07","date_gmt":"2015-09-11T00:40:07","guid":{"rendered":"https:\/\/xon.com.tr\/tur\/?post_type=product&#038;p=16463"},"modified":"2020-11-11T13:06:21","modified_gmt":"2020-11-11T10:06:21","slug":"xon-kalsit-t-shirt-baski-presi","status":"publish","type":"product","link":"https:\/\/xon.com.tr\/tur\/magaza\/transfer-pres\/xon-kalsit-t-shirt-baski-presi\/","title":{"rendered":"XON KALS\u0130T T-SHIRT BASKI PRES\u0130"},"content":{"rendered":"","protected":false},"excerpt":{"rendered":"<p><strong>\u00c7ift Kafal\u0131, <\/strong><strong>Bir \u0131s\u0131 sistemi ile meteryaller \u00fczerine \u00a0transfer yapma \u00a0presi\u00a0 makineleridir.\u00a0<\/strong><strong>Belirli bir zaman i\u00e7in y\u00fcksek s\u0131cakl\u0131k ve bas\u0131n\u00e7 kullanarak, transferi kal\u0131c\u0131 \u00fcr\u00fcn\u00fcn \u00fczerine ge\u00e7irme i\u015flemidir.<\/strong><\/p>\n<p>[fusion_checklist icon=&#8221;ok&#8221; iconcolor=&#8221;#aaaaaa&#8221; circle=&#8221;no&#8221;]<\/p>\n<ul>\n<li><strong>Bask\u0131 alan\u0131<\/strong><strong>\u00a0: 40cmx50cm<\/strong><\/li>\n<li><strong>Voltaj: 220V<\/strong><\/li>\n<li><strong>G\u00fc\u00e7: 1400W<\/strong><\/li>\n<li><strong>Paket Boyutu: 110X73X70CM<\/strong><\/li>\n<li><strong>G.W: 88kg<\/strong><\/li>\n<li><strong>Garanti : 2 Y\u0131l<\/strong><\/li>\n<\/ul>\n<p>[\/fusion_checklist]<\/p>\n<p><strong>Uygulama Alan\u0131:<\/strong><\/p>\n<p><strong>T-shirt, yast\u0131k k\u0131l\u0131f\u0131, Puzzle, Mouse Pad, Alim\u00fcnyum levha, Buzdolab\u0131 Magnet, Bardak altl\u0131\u011f\u0131, \u00c7anta, Yast\u0131k, vb<\/strong><\/p>\n<p>&nbsp;<\/p>\n","protected":false},"featured_media":19911,"template":"","meta":[],"product_brand":[],"product_cat":[119],"product_tag":[189,128],"class_list":{"0":"post-16463","1":"product","2":"type-product","3":"status-publish","4":"has-post-thumbnail","6":"product_cat-transfer-pres","7":"product_tag-t-shirt-baski-presi","8":"product_tag-xon","10":"first","11":"instock","12":"taxable","13":"shipping-taxable","14":"purchasable","15":"product-type-simple"},"_links":{"self":[{"href":"https:\/\/xon.com.tr\/tur\/wp-json\/wp\/v2\/product\/16463","targetHints":{"allow":["GET"]}}],"collection":[{"href":"https:\/\/xon.com.tr\/tur\/wp-json\/wp\/v2\/product"}],"about":[{"href":"https:\/\/xon.com.tr\/tur\/wp-json\/wp\/v2\/types\/product"}],"wp:featuredmedia":[{"embeddable":true,"href":"https:\/\/xon.com.tr\/tur\/wp-json\/wp\/v2\/media\/19911"}],"wp:attachment":[{"href":"https:\/\/xon.com.tr\/tur\/wp-json\/wp\/v2\/media?parent=16463"}],"wp:term":[{"taxonomy":"product_brand","embeddable":true,"href":"https:\/\/xon.com.tr\/tur\/wp-json\/wp\/v2\/product_brand?post=16463"},{"taxonomy":"product_cat","embeddable":true,"href":"https:\/\/xon.com.tr\/tur\/wp-json\/wp\/v2\/product_cat?post=16463"},{"taxonomy":"product_tag","embeddable":true,"href":"https:\/\/xon.com.tr\/tur\/wp-json\/wp\/v2\/product_tag?post=16463"}],"curies":[{"name":"wp","href":"https:\/\/api.w.org\/{rel}","templated":true}]}}