{"id":16468,"date":"2015-09-11T04:12:40","date_gmt":"2015-09-11T04:12:40","guid":{"rendered":"https:\/\/xon.com.tr\/tur\/?post_type=product&#038;p=16468"},"modified":"2020-11-09T11:09:58","modified_gmt":"2020-11-09T08:09:58","slug":"xon-35mc-metal-kesme-giyotini","status":"publish","type":"product","link":"https:\/\/xon.com.tr\/tur\/magaza\/transfer-pres\/xon-35mc-metal-kesme-giyotini\/","title":{"rendered":"XON 35MC METAL KESME G\u0130YOT\u0130N\u0130"},"content":{"rendered":"","protected":false},"excerpt":{"rendered":"<p>&nbsp;<\/p>\n<p>[fusion_checklist icon=&#8221;ok&#8221; iconcolor=&#8221;#aaaaaa&#8221; circle=&#8221;no&#8221;]<\/p>\n<ul>\n<li><strong>Besleme Boyutu\u00a0\u00a0\u00a0 : 320 mm.<\/strong><\/li>\n<li><strong>Kesme Kal\u0131nl\u0131\u011f\u0131\u00a0\u00a0\u00a0\u00a0\u00a0 : 1 mm.<\/strong><\/li>\n<li><strong>A\u011f\u0131rl\u0131k\u00a0\u00a0\u00a0\u00a0\u00a0\u00a0\u00a0\u00a0\u00a0\u00a0\u00a0\u00a0\u00a0\u00a0\u00a0\u00a0\u00a0\u00a0\u00a0\u00a0\u00a0 : 21 kg.<\/strong><\/li>\n<li><strong>Uygulama Alan\u0131\u00a0\u00a0\u00a0 \u00a0: Al\u00fcminyum,bak\u0131r, plastik levha<\/strong><\/li>\n<li><strong>Panel Do\u011fru \u00c7ekim cetvelli<\/strong><\/li>\n<li><strong>\u00dcst ve alt \u00e7elik ala\u015f\u0131ml\u0131 b\u0131\u00e7aklar<\/strong><\/li>\n<\/ul>\n<p>[\/fusion_checklist]<\/p>\n","protected":false},"featured_media":19905,"template":"","meta":[],"product_brand":[],"product_cat":[119],"product_tag":[141],"class_list":{"0":"post-16468","1":"product","2":"type-product","3":"status-publish","4":"has-post-thumbnail","6":"product_cat-transfer-pres","7":"product_tag-metal-kesme-giyotini","9":"first","10":"instock","11":"featured","12":"taxable","13":"shipping-taxable","14":"purchasable","15":"product-type-simple"},"_links":{"self":[{"href":"https:\/\/xon.com.tr\/tur\/wp-json\/wp\/v2\/product\/16468","targetHints":{"allow":["GET"]}}],"collection":[{"href":"https:\/\/xon.com.tr\/tur\/wp-json\/wp\/v2\/product"}],"about":[{"href":"https:\/\/xon.com.tr\/tur\/wp-json\/wp\/v2\/types\/product"}],"wp:featuredmedia":[{"embeddable":true,"href":"https:\/\/xon.com.tr\/tur\/wp-json\/wp\/v2\/media\/19905"}],"wp:attachment":[{"href":"https:\/\/xon.com.tr\/tur\/wp-json\/wp\/v2\/media?parent=16468"}],"wp:term":[{"taxonomy":"product_brand","embeddable":true,"href":"https:\/\/xon.com.tr\/tur\/wp-json\/wp\/v2\/product_brand?post=16468"},{"taxonomy":"product_cat","embeddable":true,"href":"https:\/\/xon.com.tr\/tur\/wp-json\/wp\/v2\/product_cat?post=16468"},{"taxonomy":"product_tag","embeddable":true,"href":"https:\/\/xon.com.tr\/tur\/wp-json\/wp\/v2\/product_tag?post=16468"}],"curies":[{"name":"wp","href":"https:\/\/api.w.org\/{rel}","templated":true}]}}