{"id":16555,"date":"2015-09-13T23:56:21","date_gmt":"2015-09-13T20:56:21","guid":{"rendered":"https:\/\/xon.com.tr\/tur\/?post_type=product&#038;p=16555"},"modified":"2020-11-11T13:05:36","modified_gmt":"2020-11-11T10:05:36","slug":"xon-l40-lazer-makina","status":"publish","type":"product","link":"https:\/\/xon.com.tr\/tur\/magaza\/lazer-varak\/xon-l40-lazer-makina\/","title":{"rendered":"XON L40 LAZER MAK\u0130NA"},"content":{"rendered":"","protected":false},"excerpt":{"rendered":"<p>&nbsp;<\/p>\n<p>[fusion_checklist icon=&#8221;ok&#8221; iconcolor=&#8221;#aaaaaa&#8221; circle=&#8221;no&#8221;]<\/p>\n<ul>\n<li><strong>Kaz\u0131ma\u00a0 H\u0131z\u0131\u00a0\u00a0\u00a0 : 50-50.000 mm \/ dk.<\/strong><\/li>\n<li><strong>Lazer G\u00fcc\u00fc\u00a0\u00a0\u00a0\u00a0\u00a0 : 40 W<\/strong><\/li>\n<li><strong>\u00c7al.Hassasiyeti: 0,01<\/strong><\/li>\n<li><strong>\u00c7al\u0131\u015fma Alan\u0131\u00a0 : 300 x 200<\/strong><\/li>\n<li><strong>Tabla Hareketi:\u00a0 Var (7 cm. a\u015fa\u011f\u0131-yukar\u0131)<\/strong><\/li>\n<li><strong>Yaz\u0131l\u0131m\u00a0\u00a0\u00a0\u00a0\u00a0\u00a0\u00a0\u00a0\u00a0\u00a0\u00a0 : Laser Drw(Dxf,Jpeg,Plt.)<\/strong><\/li>\n<li><strong>Ebatlar\u00a0\u00a0\u00a0\u00a0\u00a0\u00a0\u00a0\u00a0\u00a0\u00a0\u00a0 : 800 x 250 x 600mm.<\/strong><\/li>\n<li><strong>Fiyat\u00a0 \u00a0 \u00a0 \u00a0 \u00a0 \u00a0 \u00a0 \u00a0 : Teklif Al\u0131n\u0131z&#8230;&#8230;&#8230;&#8230;&#8230;<\/strong><\/li>\n<\/ul>\n<p>[\/fusion_checklist]<\/p>\n","protected":false},"featured_media":19892,"template":"","meta":[],"product_brand":[],"product_cat":[115],"product_tag":[188,128],"class_list":{"0":"post-16555","1":"product","2":"type-product","3":"status-publish","4":"has-post-thumbnail","6":"product_cat-lazer-varak","7":"product_tag-lazer-makina","8":"product_tag-xon","10":"first","11":"instock","12":"taxable","13":"shipping-taxable","14":"purchasable","15":"product-type-simple"},"_links":{"self":[{"href":"https:\/\/xon.com.tr\/tur\/wp-json\/wp\/v2\/product\/16555","targetHints":{"allow":["GET"]}}],"collection":[{"href":"https:\/\/xon.com.tr\/tur\/wp-json\/wp\/v2\/product"}],"about":[{"href":"https:\/\/xon.com.tr\/tur\/wp-json\/wp\/v2\/types\/product"}],"wp:featuredmedia":[{"embeddable":true,"href":"https:\/\/xon.com.tr\/tur\/wp-json\/wp\/v2\/media\/19892"}],"wp:attachment":[{"href":"https:\/\/xon.com.tr\/tur\/wp-json\/wp\/v2\/media?parent=16555"}],"wp:term":[{"taxonomy":"product_brand","embeddable":true,"href":"https:\/\/xon.com.tr\/tur\/wp-json\/wp\/v2\/product_brand?post=16555"},{"taxonomy":"product_cat","embeddable":true,"href":"https:\/\/xon.com.tr\/tur\/wp-json\/wp\/v2\/product_cat?post=16555"},{"taxonomy":"product_tag","embeddable":true,"href":"https:\/\/xon.com.tr\/tur\/wp-json\/wp\/v2\/product_tag?post=16555"}],"curies":[{"name":"wp","href":"https:\/\/api.w.org\/{rel}","templated":true}]}}