{"id":17168,"date":"2015-10-05T03:33:24","date_gmt":"2015-10-05T00:33:24","guid":{"rendered":"https:\/\/xon.com.tr\/tur\/?post_type=product&#038;p=17168"},"modified":"2020-11-11T13:05:29","modified_gmt":"2020-11-11T10:05:29","slug":"xon-vb-35-varak-baski-makinesi","status":"publish","type":"product","link":"https:\/\/xon.com.tr\/tur\/magaza\/lazer-varak\/xon-vb-35-varak-baski-makinesi\/","title":{"rendered":"XON VB 35 VARAK BASKI MAK\u0130NES\u0130"},"content":{"rendered":"","protected":false},"excerpt":{"rendered":"<p>&nbsp;<\/p>\n<p>[fusion_checklist icon=&#8221;ok&#8221; iconcolor=&#8221;#aaaaaa&#8221; circle=&#8221;no&#8221;]<\/p>\n<ul>\n<li><strong>K\u0131li\u015fe kullanmadan bilgisayardan direk bask\u0131 sistemli<\/strong><\/li>\n<li><strong>Copy center, matbaa ve k\u0131rtasiyeleri\u00e7in kullan\u0131ma uygun<\/strong><\/li>\n<li><strong>Thermal bask\u0131y\u0131 ribon vas\u0131tas\u0131yla yapabilen<\/strong><\/li>\n<li><strong>Alt\u0131n,g\u00fcm\u00fc\u015f ve bir\u00e7ok renk se\u00e7ene\u011fine sahip<\/strong><\/li>\n<li><strong>Kolay kullan\u0131ml\u0131<\/strong><\/li>\n<li><strong>Ki\u015fisel bask\u0131lar i\u00e7in d\u00fc\u015f\u00fck maliyetli<\/strong><\/li>\n<li><strong>Bask\u0131 materyalleri : Deri, pvc, ka\u011f\u0131t ve sert karton<\/strong><\/li>\n<li><strong>A\u011f\u0131rl\u0131k \u00a0 \u00a0 \u00a0 \u00a0 \u00a0 \u00a0 \u00a0 \u00a0 \u00a0 : 25 kg.<\/strong><\/li>\n<\/ul>\n<p>[\/fusion_checklist]<\/p>\n","protected":false},"featured_media":19890,"template":"","meta":[],"product_brand":[],"product_cat":[115],"product_tag":[187,128],"class_list":{"0":"post-17168","1":"product","2":"type-product","3":"status-publish","4":"has-post-thumbnail","6":"product_cat-lazer-varak","7":"product_tag-varak-baski-makinesi","8":"product_tag-xon","10":"first","11":"instock","12":"taxable","13":"shipping-taxable","14":"purchasable","15":"product-type-simple"},"_links":{"self":[{"href":"https:\/\/xon.com.tr\/tur\/wp-json\/wp\/v2\/product\/17168","targetHints":{"allow":["GET"]}}],"collection":[{"href":"https:\/\/xon.com.tr\/tur\/wp-json\/wp\/v2\/product"}],"about":[{"href":"https:\/\/xon.com.tr\/tur\/wp-json\/wp\/v2\/types\/product"}],"wp:featuredmedia":[{"embeddable":true,"href":"https:\/\/xon.com.tr\/tur\/wp-json\/wp\/v2\/media\/19890"}],"wp:attachment":[{"href":"https:\/\/xon.com.tr\/tur\/wp-json\/wp\/v2\/media?parent=17168"}],"wp:term":[{"taxonomy":"product_brand","embeddable":true,"href":"https:\/\/xon.com.tr\/tur\/wp-json\/wp\/v2\/product_brand?post=17168"},{"taxonomy":"product_cat","embeddable":true,"href":"https:\/\/xon.com.tr\/tur\/wp-json\/wp\/v2\/product_cat?post=17168"},{"taxonomy":"product_tag","embeddable":true,"href":"https:\/\/xon.com.tr\/tur\/wp-json\/wp\/v2\/product_tag?post=17168"}],"curies":[{"name":"wp","href":"https:\/\/api.w.org\/{rel}","templated":true}]}}