{"id":17171,"date":"2015-10-05T03:36:22","date_gmt":"2015-10-05T03:36:22","guid":{"rendered":"https:\/\/xon.com.tr\/tur\/?post_type=product&#038;p=17171"},"modified":"2023-03-01T19:51:45","modified_gmt":"2023-03-01T16:51:45","slug":"xon-100-elektrikli-zimba-makinesi","status":"publish","type":"product","link":"https:\/\/xon.com.tr\/tur\/magaza\/zimbalar\/xon-100-elektrikli-zimba-makinesi\/","title":{"rendered":"XON 100 ELEKTR\u0130KL\u0130 ZIMBA MAK\u0130NES\u0130"},"content":{"rendered":"","protected":false},"excerpt":{"rendered":"<p>&nbsp;<\/p>\n<ul>\n<li><strong>Derinlik\u00a0\u00a0\u00a0\u00a0\u00a0\u00a0\u00a0\u00a0\u00a0\u00a0\u00a0\u00a0 : 25cm.<\/strong><\/li>\n<li><strong>Kapasite\u00a0\u00a0\u00a0\u00a0\u00a0\u00a0\u00a0\u00a0\u00a0\u00a0 : 60yaprak(80gr)<\/strong><\/li>\n<li><strong>Tel \u00f6zelliklerti \u00a0 : 23\/6-23\/8,24\/6-24\/8<\/strong><\/li>\n<\/ul>\n<p>&nbsp;<\/p>\n","protected":false},"featured_media":19888,"template":"","meta":[],"product_brand":[],"product_cat":[86],"product_tag":[138,128],"class_list":{"0":"post-17171","1":"product","2":"type-product","3":"status-publish","4":"has-post-thumbnail","6":"product_cat-zimbalar","7":"product_tag-elektrikli-zimba-makinesi","8":"product_tag-xon","10":"first","11":"instock","12":"featured","13":"taxable","14":"shipping-taxable","15":"purchasable","16":"product-type-simple"},"_links":{"self":[{"href":"https:\/\/xon.com.tr\/tur\/wp-json\/wp\/v2\/product\/17171","targetHints":{"allow":["GET"]}}],"collection":[{"href":"https:\/\/xon.com.tr\/tur\/wp-json\/wp\/v2\/product"}],"about":[{"href":"https:\/\/xon.com.tr\/tur\/wp-json\/wp\/v2\/types\/product"}],"wp:featuredmedia":[{"embeddable":true,"href":"https:\/\/xon.com.tr\/tur\/wp-json\/wp\/v2\/media\/19888"}],"wp:attachment":[{"href":"https:\/\/xon.com.tr\/tur\/wp-json\/wp\/v2\/media?parent=17171"}],"wp:term":[{"taxonomy":"product_brand","embeddable":true,"href":"https:\/\/xon.com.tr\/tur\/wp-json\/wp\/v2\/product_brand?post=17171"},{"taxonomy":"product_cat","embeddable":true,"href":"https:\/\/xon.com.tr\/tur\/wp-json\/wp\/v2\/product_cat?post=17171"},{"taxonomy":"product_tag","embeddable":true,"href":"https:\/\/xon.com.tr\/tur\/wp-json\/wp\/v2\/product_tag?post=17171"}],"curies":[{"name":"wp","href":"https:\/\/api.w.org\/{rel}","templated":true}]}}