{"id":17208,"date":"2015-10-05T13:00:16","date_gmt":"2015-10-05T10:00:16","guid":{"rendered":"https:\/\/xon.com.tr\/tur\/?post_type=product&#038;p=17208"},"modified":"2023-03-01T19:34:02","modified_gmt":"2023-03-01T16:34:02","slug":"miocut-plotter-kesim","status":"publish","type":"product","link":"https:\/\/xon.com.tr\/tur\/magaza\/baski-kesim\/miocut-plotter-kesim\/","title":{"rendered":"MIOCUT PLOTTER KES\u0130M"},"content":{"rendered":"<p>&nbsp;<\/p>\n<p>&nbsp;<\/p>\n<p><strong>model \u00a0 \u00a0 \u00a0 \u00a0 \u00a0 \u00a0 \u00a0 \u00a0 \u00a0 \u00a0 \u00a0 \u00a0 \u00a0 \u00a0 \u00a0 \u00a0 \u00a0 \u00a0 \u00a0 \u00a0 \u00a0 \u00a0 \u00a0<\/strong>\u00a0 R720AA\u00a0\u00a0\u00a0\u00a0\u00a0\u00a0\u00a0\u00a0\u00a0 R720BA\u00a0\u00a0\u00a0\u00a0\u00a0\u00a0\u00a0\u00a0\u00a0\u00a0 \u00a0\u00a0\u00a0\u00a0 R1350AA\u00a0\u00a0\u00a0\u00a0\u00a0\u00a0\u00a0 R1350BA<\/p>\n<p><strong>G\u00f6r\u00fcn\u00fcm<\/strong>\u00a0 \u00a0 \u00a0 \u00a0 \u00a0 \u00a0 \u00a0 \u00a0 \u00a0 \u00a0 \u00a0 \u00a0 \u00a0 \u00a0 \u00a0 \u00a0 \u00a0 \u00a0 \u00a0 \u00a0 Ayakl\u0131 \u00a0\/ masa\u00fcst\u00fc ile \u00a0 \u00a0 \u00a0 \u00a0 \u00a0 \u00a0 \u00a0 \u00a0\u00a0\u00a0\u00a0 \u00a0\u00a0 \u00a0 \u00a0 \u00a0 \u00a0 \u00a0 \u00a0 Ayakl\u0131<\/p>\n<p><strong>Maksimum kesim geni\u015fli\u011fi \u00a0 \u00a0 \u00a0 \u00a0 \u00a0<\/strong>\u00a0 620mm (24inches) \u00a0 \u00a0 \u00a0 \u00a0 \u00a0 \u00a0\u00a0\u00a0\u00a0\u00a0\u00a0\u00a0\u00a0\u00a0\u00a0\u00a0 \u00a0\u00a0 1250mm (49inches)<\/p>\n<p>Optik Okuyuculu\u00a0 Kesim\u00a0\u00a0\u00a0\u00a0\u00a0\u00a0\u00a0\u00a0\u00a0\u00a0\u00a0\u00a0\u00a0\u00a0\u00a0\u00a0\u00a0\u00a0\u00a0 Var\u00a0\u00a0\u00a0\u00a0\u00a0\u00a0\u00a0\u00a0\u00a0\u00a0\u00a0\u00a0\u00a0\u00a0\u00a0\u00a0\u00a0\u00a0\u00a0\u00a0\u00a0\u00a0\u00a0\u00a0\u00a0\u00a0\u00a0\u00a0\u00a0\u00a0\u00a0\u00a0\u00a0\u00a0\u00a0\u00a0\u00a0\u00a0\u00a0\u00a0\u00a0\u00a0\u00a0\u00a0\u00a0\u00a0\u00a0\u00a0\u00a0\u00a0\u00a0\u00a0\u00a0\u00a0\u00a0\u00a0\u00a0\u00a0 Var<\/p>\n<p><strong>Maks besleme geni\u015fli\u011fi<\/strong>\u00a0 \u00a0 \u00a0 \u00a0 \u00a0 \u00a0 \u00a0 \u00a0 \u00a0 720mm (28inches) \u00a0 \u00a0 \u00a0 \u00a0 \u00a0 \u00a0 \u00a0\u00a0\u00a0\u00a0\u00a0\u00a0\u00a0\u00a0\u00a0\u00a0\u00a0 1350mm (53inches)<\/p>\n<p><strong>Tahrik sistemi \u00a0 \u00a0 \u00a0 \u00a0 \u00a0 \u00a0 \u00a0 \u00a0 \u00a0 \u00a0 \u00a0 \u00a0 \u00a0 \u00a0 \u00a0 \u00a0 \u00a0\u00a0<\/strong>\u00a0servo motor<\/p>\n<p><strong>Kesme bas\u0131nc\u0131<\/strong>\u00a0 \u00a0 \u00a0 \u00a0 \u00a0 \u00a0 \u00a0 \u00a0 \u00a0 \u00a0 \u00a0 \u00a0 \u00a0 \u00a0 \u00a0 \u00a0 \u00a0 20-500g \/ 20-1000g (step \/ servo motor)<\/p>\n<p><strong>Maksimum kesim h\u0131z\u0131<\/strong>\u00a0 \u00a0 \u00a0 \u00a0 \u00a0 \u00a0 \u00a0 \u00a0 \u00a0 \u00a0 \u00a0 20-800 \/ 1200mm \/ s (step \/ servo motor)<\/p>\n<p><strong>Mekanik \u00e7\u00f6z\u00fcn\u00fcrl\u00fck<\/strong>\u00a0 \u00a0 \u00a0 \u00a0 \u00a0 \u00a0 \u00a0 \u00a0 \u00a0 \u00a0 \u00a0 \u00a0 \u00a00,05 mm \/ 0.1% tolerans (Maks)<\/p>\n<p><strong>Ofset de\u011feri<\/strong>\u00a0 \u00a0 \u00a0 \u00a0 \u00a0 \u00a0 \u00a0 \u00a0 \u00a0 \u00a0 \u00a0 \u00a0 \u00a0 \u00a0 \u00a0 \u00a0 \u00a0 \u00a0 \u00a0 \u00a0 0 ~ 1.0 mm (aral\u0131k art\u0131\u015f 0.025mm)<\/p>\n<p><strong>Mekanik \u00e7\u00f6z\u00fcn\u00fcrl\u00fck \u00a0 \u00a0 \u00a0 \u00a0 \u00a0 \u00a0 \u00a0 \u00a0 \u00a0 \u00a0 \u00a0 \u00a0<\/strong>\u00a00.0125mm<\/p>\n<p><strong>Yaz\u0131l\u0131m \u00e7\u00f6z\u00fcn\u00fcrl\u00fc\u011f\u00fc<\/strong>\u00a0 \u00a0 \u00a0 \u00a0 \u00a0 \u00a0 \u00a0 \u00a0 \u00a0 \u00a0 \u00a0 \u00a0 \u00a0 0.0125mm<\/p>\n<p><strong>Aray\u00fczler<\/strong>\u00a0 \u00a0 \u00a0 \u00a0 \u00a0 \u00a0 \u00a0 \u00a0 \u00a0 \u00a0 \u00a0 \u00a0 \u00a0 \u00a0 \u00a0 \u00a0 \u00a0 \u00a0 \u00a0 \u00a0 \u00a0 \u00a0 \u00a0 USB \/ RS232<\/p>\n<p><strong>Geni\u015fletme ba\u011flant\u0131 noktas\u0131<\/strong>\u00a01\u00a0\u00a0\u00a0\u00a0\u00a0\u00a0\u00a0\u00a0 \u0130nternet eri\u015fimi<\/p>\n<p><strong>Geni\u015fletme ba\u011flant\u0131 noktas\u0131<\/strong>\u00a02\u00a0\u00a0\u00a0\u00a0\u00a0\u00a0\u00a0\u00a0 U disk<\/p>\n<p><strong>Komut modlar\u0131<\/strong>\u00a0 \u00a0 \u00a0 \u00a0 \u00a0 \u00a0 \u00a0 \u00a0 \u00a0 \u00a0 \u00a0 \u00a0 \u00a0 \u00a0 \u00a0 \u00a0 \u00a0 \u00a0 \u00a0HP-GL, HP-GL \/ 2<\/p>\n<p><strong>Uyumlu yaz\u0131l\u0131m<\/strong>\u00a0 \u00a0 \u00a0 \u00a0 \u00a0 \u00a0 \u00a0 \u00a0 \u00a0 \u00a0 \u00a0 \u00a0 \u00a0 \u00a0 \u00a0 \u00a0 \u00a0 \u00a0 Flexi Oto Mark<\/p>\n<p><strong>Standart seti (\u00fccretsiz)<\/strong>\u00a0 \u00a0 \u00a0 \u00a0 \u00a0 \u00a0 \u00a0 \u00a0 \u00a0 \u00a0 \u00a0B\u0131\u00e7ak tutucu (bir), Blade (\u00fc\u00e7)<\/p>\n<p><strong>Kontrol Paneli<\/strong>\u00a0 \u00a0 \u00a0 \u00a0 \u00a0 \u00a0 \u00a0 \u00a0 \u00a0 \u00a0 \u00a0 \u00a0 \u00a0 \u00a0 \u00a0 \u00a0 \u00a0 \u00a0 \u00a0Bir likit kristal ekran, 10 silika tu\u015fu, \u00c7ince ve \u0130ngilizce \u00e7al\u0131\u015fma aray\u00fcz\u00fc<\/p>\n<p><strong>Makine boyutu \u00a0\u00a0<\/strong>(L * W * H) \u00a0 \u00a0 \u00a0 \u00a0 \u00a0 \u00a0 \u00a0 \u00a0 876x292x263mm\u00a0\u00a0\u00a0\u00a0\u00a0\u00a0\u00a0 1506x292x263mm<\/p>\n<p><strong>Koli boyutu \u00a0 \u00a0 \u00a0 \u00a0\u00a0<\/strong>(L * W * H) \u00a0 \u00a0 \u00a0 \u00a0 \u00a0 \u00a0 \u00a0 \u00a01000x380x380mm\u00a0\u00a0\u00a0\u00a0\u00a0 1630x380x380mm<\/p>\n<p><strong>A\u011f\u0131rl\u0131k<\/strong>\u00a0 \u00a0 \u00a0 \u00a0 \u00a0 \u00a0 \u00a0 \u00a0 \u00a0 \u00a0 \u00a0 \u00a0 \u00a0 \u00a0 \u00a0 \u00a0 \u00a0 \u00a0 \u00a0 \u00a0 \u00a0 \u00a0 \u00a0 \u00a0 \u00a0 \u00a0 \u00a0 \u00a0 \u00a0 \u00a0 26kg \u00a0 \u00a0 \u00a0 \u00a0 \u00a0 \u00a0 \u00a0 \u00a0 \u00a0 \u00a0 \u00a0 \u00a0 \u00a0 \u00a0 35kg<\/p>\n<p><strong>Anma g\u00fc\u00e7 kayna\u011f\u0131<\/strong>\u00a0 \u00a0 \u00a0 \u00a0 \u00a0 \u00a0 \u00a0 \u00a0 \u00a0 \u00a0 \u00a0 \u00a0 \u00a0 \u00a0 \u00a0100V-240V, 50 \/ 60Hz (Otomatik anahtar\u0131)<\/p>\n<p><strong>Nominal G\u00fc\u00e7 t\u00fcketimi<\/strong>\u00a0 \u00a0 \u00a0 \u00a0 \u00a0 \u00a0 \u00a0 \u00a0 \u00a0 \u00a0 \u00a0 \u00a0 Max 110W<\/p>\n<p><strong>\u00c7evre Nem<\/strong>\u00a0 \u00a0 \u00a0 \u00a0 \u00a0 \u00a0 \u00a0 \u00a0 \u00a0 \u00a0 \u00a0 \u00a0 \u00a0 \u00a0 \u00a0 \u00a0 \u00a0 \u00a0 \u00a0 \u00a0 \u00a0~% 80 ba\u011f\u0131l nem 20%<\/p>\n<p><strong>\u00c7al\u0131\u015fma s\u0131cakl\u0131\u011f\u0131<\/strong>\u00a0 \u00a0 \u00a0 \u00a0 \u00a0 \u00a0 \u00a0 \u00a0 \u00a0 \u00a0 \u00a0 \u00a0 \u00a0 \u00a0 \u00a0 \u00a00 \u00b0 C ~ 45 \u00b0 C \/ 32 \u00b0 F ~ 125 \u00b0<\/p>\n<p>&nbsp;<\/p>\n","protected":false},"excerpt":{"rendered":"<p>&nbsp; &nbsp; model \u00a0 \u00a0 \u00a0 \u00a0 \u00a0 \u00a0 \u00a0 \u00a0 \u00a0 \u00a0 \u00a0 \u00a0 \u00a0 \u00a0 \u00a0 \u00a0 \u00a0 \u00a0 \u00a0 \u00a0 \u00a0 \u00a0 \u00a0\u00a0 R720AA\u00a0\u00a0\u00a0\u00a0\u00a0\u00a0\u00a0\u00a0\u00a0 R720BA\u00a0\u00a0\u00a0\u00a0\u00a0\u00a0\u00a0\u00a0\u00a0\u00a0 \u00a0\u00a0\u00a0\u00a0 R1350AA\u00a0\u00a0\u00a0\u00a0\u00a0\u00a0\u00a0 R1350BA G\u00f6r\u00fcn\u00fcm\u00a0 \u00a0 \u00a0 \u00a0 \u00a0 \u00a0 \u00a0 \u00a0 \u00a0 \u00a0 \u00a0 \u00a0 \u00a0 \u00a0 \u00a0 \u00a0 \u00a0 \u00a0 \u00a0 \u00a0 Ayakl\u0131 \u00a0\/ masa\u00fcst\u00fc ile [&hellip;]<\/p>\n","protected":false},"featured_media":19875,"template":"","meta":[],"product_brand":[],"product_cat":[85],"product_tag":[183,185],"class_list":{"0":"post-17208","1":"product","2":"type-product","3":"status-publish","4":"has-post-thumbnail","6":"product_cat-baski-kesim","7":"product_tag-miocut","8":"product_tag-plotter-kesim","10":"first","11":"instock","12":"taxable","13":"shipping-taxable","14":"purchasable","15":"product-type-simple"},"_links":{"self":[{"href":"https:\/\/xon.com.tr\/tur\/wp-json\/wp\/v2\/product\/17208","targetHints":{"allow":["GET"]}}],"collection":[{"href":"https:\/\/xon.com.tr\/tur\/wp-json\/wp\/v2\/product"}],"about":[{"href":"https:\/\/xon.com.tr\/tur\/wp-json\/wp\/v2\/types\/product"}],"wp:featuredmedia":[{"embeddable":true,"href":"https:\/\/xon.com.tr\/tur\/wp-json\/wp\/v2\/media\/19875"}],"wp:attachment":[{"href":"https:\/\/xon.com.tr\/tur\/wp-json\/wp\/v2\/media?parent=17208"}],"wp:term":[{"taxonomy":"product_brand","embeddable":true,"href":"https:\/\/xon.com.tr\/tur\/wp-json\/wp\/v2\/product_brand?post=17208"},{"taxonomy":"product_cat","embeddable":true,"href":"https:\/\/xon.com.tr\/tur\/wp-json\/wp\/v2\/product_cat?post=17208"},{"taxonomy":"product_tag","embeddable":true,"href":"https:\/\/xon.com.tr\/tur\/wp-json\/wp\/v2\/product_tag?post=17208"}],"curies":[{"name":"wp","href":"https:\/\/api.w.org\/{rel}","templated":true}]}}