{"id":17213,"date":"2015-10-05T13:05:14","date_gmt":"2015-10-05T10:05:14","guid":{"rendered":"https:\/\/xon.com.tr\/tur\/?post_type=product&#038;p=17213"},"modified":"2023-03-01T19:33:03","modified_gmt":"2023-03-01T16:33:03","slug":"onjet-uv-printer","status":"publish","type":"product","link":"https:\/\/xon.com.tr\/tur\/magaza\/baski-kesim\/onjet-uv-printer\/","title":{"rendered":"ONJET UV PR\u0130NTER"},"content":{"rendered":"<p><strong>Onjet UV 604 Printer<\/strong><\/p>\n<ul>\n<li><strong>Bask\u0131 Alan\u0131 \u00a060cm x 40 \u00a0cm<\/strong><\/li>\n<li><strong>Bask\u0131 Kafas\u0131 \u00a0 \u00a0 epson dx5 1 ADET<\/strong><\/li>\n<li><strong>Bask\u0131 Tekni\u011fi \u00a0 \u00a0 \u00a0CMKY + W \u00a0 Aayn\u0131 anda beyaz ve renkli bask\u0131<\/strong><\/li>\n<li><strong>Malzeme Y\u00fcksekli\u011fi \u00a0 \u00a0 14 cm<\/strong><\/li>\n<li><strong>Malzeme Y\u00fckseklik Sens\u00f6r\u00fc var<\/strong><\/li>\n<li><strong>M\u00fcrekkep Seviye Uyar\u0131s\u0131 \u00a0 \u00a0 var<\/strong><\/li>\n<li><strong>Kurutma \u00a0 \u00a0 UV LED<\/strong><\/li>\n<li><strong>S\u00fcrekli m\u00fcrekkep besleme sistemi<\/strong><\/li>\n<li><strong>220ml m\u00fcrekkep kartu\u015fu kartu\u015f<\/strong><\/li>\n<\/ul>\n<p>&nbsp;<\/p>\n","protected":false},"excerpt":{"rendered":"<p>Onjet UV 604 Printer Bask\u0131 Alan\u0131 \u00a060cm x 40 \u00a0cm Bask\u0131 Kafas\u0131 \u00a0 \u00a0 epson dx5 1 ADET Bask\u0131 Tekni\u011fi \u00a0 \u00a0 \u00a0CMKY + W \u00a0 Aayn\u0131 anda beyaz ve renkli bask\u0131 Malzeme Y\u00fcksekli\u011fi \u00a0 \u00a0 14 cm Malzeme Y\u00fckseklik Sens\u00f6r\u00fc var M\u00fcrekkep Seviye Uyar\u0131s\u0131 \u00a0 \u00a0 var Kurutma \u00a0 \u00a0 UV LED S\u00fcrekli m\u00fcrekkep [&hellip;]<\/p>\n","protected":false},"featured_media":19873,"template":"","meta":[],"product_brand":[],"product_cat":[85],"product_tag":[182,181],"class_list":{"0":"post-17213","1":"product","2":"type-product","3":"status-publish","4":"has-post-thumbnail","6":"product_cat-baski-kesim","7":"product_tag-onjet","8":"product_tag-printer","10":"first","11":"instock","12":"featured","13":"taxable","14":"shipping-taxable","15":"purchasable","16":"product-type-simple"},"_links":{"self":[{"href":"https:\/\/xon.com.tr\/tur\/wp-json\/wp\/v2\/product\/17213","targetHints":{"allow":["GET"]}}],"collection":[{"href":"https:\/\/xon.com.tr\/tur\/wp-json\/wp\/v2\/product"}],"about":[{"href":"https:\/\/xon.com.tr\/tur\/wp-json\/wp\/v2\/types\/product"}],"wp:featuredmedia":[{"embeddable":true,"href":"https:\/\/xon.com.tr\/tur\/wp-json\/wp\/v2\/media\/19873"}],"wp:attachment":[{"href":"https:\/\/xon.com.tr\/tur\/wp-json\/wp\/v2\/media?parent=17213"}],"wp:term":[{"taxonomy":"product_brand","embeddable":true,"href":"https:\/\/xon.com.tr\/tur\/wp-json\/wp\/v2\/product_brand?post=17213"},{"taxonomy":"product_cat","embeddable":true,"href":"https:\/\/xon.com.tr\/tur\/wp-json\/wp\/v2\/product_cat?post=17213"},{"taxonomy":"product_tag","embeddable":true,"href":"https:\/\/xon.com.tr\/tur\/wp-json\/wp\/v2\/product_tag?post=17213"}],"curies":[{"name":"wp","href":"https:\/\/api.w.org\/{rel}","templated":true}]}}