{"id":17214,"date":"2015-10-05T13:08:26","date_gmt":"2015-10-05T10:08:26","guid":{"rendered":"https:\/\/xon.com.tr\/tur\/?post_type=product&#038;p=17214"},"modified":"2023-03-01T19:35:21","modified_gmt":"2023-03-01T16:35:21","slug":"xon-290c-dortlu-delgec","status":"publish","type":"product","link":"https:\/\/xon.com.tr\/tur\/magaza\/delgecler\/xon-290c-dortlu-delgec\/","title":{"rendered":"XON 290C D\u00d6RTL\u00dc DELGE\u00c7"},"content":{"rendered":"","protected":false},"excerpt":{"rendered":"<ul>\n<li><strong>DELME KAPAS\u0130TES\u0130\u00a0 \u00a0: 4 DEL\u0130K \/ 250 YAPRAK<\/strong><\/li>\n<li><strong>DER\u0130NL\u0130K AYARI\u00a0\u00a0\u00a0\u00a0 \u00a0\u00a0\u00a0\u00a0: 4 KADEMEL\u0130 \u00a0\u00a0<\/strong><\/li>\n<li><strong>BOYUTLAR\u00a0\u00a0\u00a0\u00a0\u00a0\u00a0\u00a0\u00a0\u00a0\u00a0\u00a0\u00a0\u00a0\u00a0\u00a0\u00a0\u00a0 : 263 X145 X 340 MM.<\/strong><\/li>\n<li><strong>A\u011eIRLIK\u00a0\u00a0\u00a0\u00a0\u00a0\u00a0\u00a0\u00a0\u00a0\u00a0\u00a0\u00a0\u00a0\u00a0\u00a0\u00a0\u00a0\u00a0\u00a0\u00a0\u00a0\u00a0 : 9 KG.<\/strong><\/li>\n<\/ul>\n<p>&nbsp;<\/p>\n","protected":false},"featured_media":19871,"template":"","meta":[],"product_brand":[],"product_cat":[92],"product_tag":[180,128],"class_list":{"0":"post-17214","1":"product","2":"type-product","3":"status-publish","4":"has-post-thumbnail","6":"product_cat-delgecler","7":"product_tag-dortlu-delgec","8":"product_tag-xon","10":"first","11":"instock","12":"featured","13":"taxable","14":"shipping-taxable","15":"purchasable","16":"product-type-simple"},"_links":{"self":[{"href":"https:\/\/xon.com.tr\/tur\/wp-json\/wp\/v2\/product\/17214","targetHints":{"allow":["GET"]}}],"collection":[{"href":"https:\/\/xon.com.tr\/tur\/wp-json\/wp\/v2\/product"}],"about":[{"href":"https:\/\/xon.com.tr\/tur\/wp-json\/wp\/v2\/types\/product"}],"wp:featuredmedia":[{"embeddable":true,"href":"https:\/\/xon.com.tr\/tur\/wp-json\/wp\/v2\/media\/19871"}],"wp:attachment":[{"href":"https:\/\/xon.com.tr\/tur\/wp-json\/wp\/v2\/media?parent=17214"}],"wp:term":[{"taxonomy":"product_brand","embeddable":true,"href":"https:\/\/xon.com.tr\/tur\/wp-json\/wp\/v2\/product_brand?post=17214"},{"taxonomy":"product_cat","embeddable":true,"href":"https:\/\/xon.com.tr\/tur\/wp-json\/wp\/v2\/product_cat?post=17214"},{"taxonomy":"product_tag","embeddable":true,"href":"https:\/\/xon.com.tr\/tur\/wp-json\/wp\/v2\/product_tag?post=17214"}],"curies":[{"name":"wp","href":"https:\/\/api.w.org\/{rel}","templated":true}]}}