{"id":17216,"date":"2015-10-05T13:16:15","date_gmt":"2015-10-05T10:16:15","guid":{"rendered":"https:\/\/xon.com.tr\/tur\/?post_type=product&#038;p=17216"},"modified":"2023-03-01T19:35:10","modified_gmt":"2023-03-01T16:35:10","slug":"xon-290a-ikili-delgec","status":"publish","type":"product","link":"https:\/\/xon.com.tr\/tur\/magaza\/delgecler\/xon-290a-ikili-delgec\/","title":{"rendered":"XON 290A \u0130K\u0130L\u0130 DELGE\u00c7"},"content":{"rendered":"","protected":false},"excerpt":{"rendered":"<p>&nbsp;<\/p>\n<p><strong>DELME KAPAS\u0130TES\u0130\u00a0 \u00a0: 2 DEL\u0130K \/ 300 YAPRAK<\/strong><br \/>\n<strong>DER\u0130NL\u0130K AYARI\u00a0\u00a0\u00a0\u00a0 \u00a0\u00a0\u00a0\u00a0: 4 KADEMEL\u0130 \u00a0 \u00a0 \u00a0 \u00a0<\/strong><br \/>\n<strong>BOYUTLAR\u00a0\u00a0\u00a0\u00a0\u00a0\u00a0\u00a0\u00a0\u00a0\u00a0\u00a0\u00a0\u00a0\u00a0\u00a0\u00a0\u00a0 : 263 X145 X 340 MM.<\/strong><br \/>\n<strong>A\u011eIRLIK\u00a0\u00a0\u00a0\u00a0\u00a0\u00a0\u00a0\u00a0\u00a0\u00a0\u00a0\u00a0\u00a0\u00a0\u00a0\u00a0\u00a0\u00a0\u00a0\u00a0\u00a0\u00a0 : 7 KG.<\/strong><\/p>\n<p>&nbsp;<\/p>\n","protected":false},"featured_media":19869,"template":"","meta":[],"product_brand":[],"product_cat":[92],"product_tag":[179,128],"class_list":{"0":"post-17216","1":"product","2":"type-product","3":"status-publish","4":"has-post-thumbnail","6":"product_cat-delgecler","7":"product_tag-ikili-delgec","8":"product_tag-xon","10":"first","11":"instock","12":"taxable","13":"shipping-taxable","14":"purchasable","15":"product-type-simple"},"_links":{"self":[{"href":"https:\/\/xon.com.tr\/tur\/wp-json\/wp\/v2\/product\/17216","targetHints":{"allow":["GET"]}}],"collection":[{"href":"https:\/\/xon.com.tr\/tur\/wp-json\/wp\/v2\/product"}],"about":[{"href":"https:\/\/xon.com.tr\/tur\/wp-json\/wp\/v2\/types\/product"}],"wp:featuredmedia":[{"embeddable":true,"href":"https:\/\/xon.com.tr\/tur\/wp-json\/wp\/v2\/media\/19869"}],"wp:attachment":[{"href":"https:\/\/xon.com.tr\/tur\/wp-json\/wp\/v2\/media?parent=17216"}],"wp:term":[{"taxonomy":"product_brand","embeddable":true,"href":"https:\/\/xon.com.tr\/tur\/wp-json\/wp\/v2\/product_brand?post=17216"},{"taxonomy":"product_cat","embeddable":true,"href":"https:\/\/xon.com.tr\/tur\/wp-json\/wp\/v2\/product_cat?post=17216"},{"taxonomy":"product_tag","embeddable":true,"href":"https:\/\/xon.com.tr\/tur\/wp-json\/wp\/v2\/product_tag?post=17216"}],"curies":[{"name":"wp","href":"https:\/\/api.w.org\/{rel}","templated":true}]}}