{"id":17783,"date":"2015-08-24T08:14:32","date_gmt":"2015-08-24T05:14:32","guid":{"rendered":"https:\/\/xon.com.tr\/tur\/shop\/miscellaneous\/avada-wordpress-theme\/"},"modified":"2023-03-01T19:42:38","modified_gmt":"2023-03-01T16:42:38","slug":"aurora-as-680-sb-evrak-imha-makinesi","status":"publish","type":"product","link":"https:\/\/xon.com.tr\/tur\/magaza\/evrak-imha\/aurora-as-680-sb-evrak-imha-makinesi\/","title":{"rendered":"AURORA AS 680 SB EVRAK \u0130MHA MAK\u0130NES\u0130"},"content":{"rendered":"<p>&nbsp;<\/p>\n<ul>\n<li><strong>\u0130mha Tipi :\u015eerit<\/strong><\/li>\n<li><strong>Kesme Ebad\u0131 :6 mm<\/strong><\/li>\n<li><strong>Kapasite : 20 sayfa (75 gr. A4)<\/strong><\/li>\n<li><strong>H\u0131z : 2 m\/min<\/strong><\/li>\n<li><strong>Makine Ebatlar\u0131 : 220 mm<\/strong><\/li>\n<li><strong>\u00c7\u00f6p Kapasitesi : 14 L<\/strong><\/li>\n<li><strong>Makine Ebatlar\u0131 : 330 x 155 x 370 mm<\/strong><\/li>\n<li><strong>Net A\u011f\u0131rl\u0131k : 3,5 kg.<\/strong><\/li>\n<li><strong>Ana Fonksiyon : Auto \/ Start \/ A\u015f\u0131r\u0131 \u0131s\u0131nma korumal\u0131<\/strong><\/li>\n<\/ul>\n<p>&nbsp;<\/p>\n","protected":false},"excerpt":{"rendered":"<p>&nbsp; \u0130mha Tipi :\u015eerit Kesme Ebad\u0131 :6 mm Kapasite : 20 sayfa (75 gr. A4) H\u0131z : 2 m\/min Makine Ebatlar\u0131 : 220 mm \u00c7\u00f6p Kapasitesi : 14 L Makine Ebatlar\u0131 : 330 x 155 x 370 mm Net A\u011f\u0131rl\u0131k : 3,5 kg. Ana Fonksiyon : Auto \/ Start \/ A\u015f\u0131r\u0131 \u0131s\u0131nma korumal\u0131 &nbsp;<\/p>\n","protected":false},"featured_media":19956,"template":"","meta":[],"product_brand":[],"product_cat":[40],"product_tag":[150],"class_list":{"0":"post-17783","1":"product","2":"type-product","3":"status-publish","4":"has-post-thumbnail","6":"product_cat-evrak-imha","7":"product_tag-aurora","9":"first","10":"instock","11":"taxable","12":"shipping-taxable","13":"purchasable","14":"product-type-simple"},"_links":{"self":[{"href":"https:\/\/xon.com.tr\/tur\/wp-json\/wp\/v2\/product\/17783","targetHints":{"allow":["GET"]}}],"collection":[{"href":"https:\/\/xon.com.tr\/tur\/wp-json\/wp\/v2\/product"}],"about":[{"href":"https:\/\/xon.com.tr\/tur\/wp-json\/wp\/v2\/types\/product"}],"wp:featuredmedia":[{"embeddable":true,"href":"https:\/\/xon.com.tr\/tur\/wp-json\/wp\/v2\/media\/19956"}],"wp:attachment":[{"href":"https:\/\/xon.com.tr\/tur\/wp-json\/wp\/v2\/media?parent=17783"}],"wp:term":[{"taxonomy":"product_brand","embeddable":true,"href":"https:\/\/xon.com.tr\/tur\/wp-json\/wp\/v2\/product_brand?post=17783"},{"taxonomy":"product_cat","embeddable":true,"href":"https:\/\/xon.com.tr\/tur\/wp-json\/wp\/v2\/product_cat?post=17783"},{"taxonomy":"product_tag","embeddable":true,"href":"https:\/\/xon.com.tr\/tur\/wp-json\/wp\/v2\/product_tag?post=17783"}],"curies":[{"name":"wp","href":"https:\/\/api.w.org\/{rel}","templated":true}]}}