{"id":19934,"date":"2020-11-09T12:43:26","date_gmt":"2020-11-09T09:43:26","guid":{"rendered":"https:\/\/xon.com.tr\/tur\/?post_type=product&#038;p=19934"},"modified":"2023-03-01T19:38:28","modified_gmt":"2023-03-01T16:38:28","slug":"aurora-as-1212-sb-evrak-imha-makinesi","status":"publish","type":"product","link":"https:\/\/xon.com.tr\/tur\/magaza\/evrak-imha\/aurora-as-1212-sb-evrak-imha-makinesi\/","title":{"rendered":"AURORA AS 1212 SB EVRAK \u0130MHA MAK\u0130NES\u0130"},"content":{"rendered":"<p>&nbsp;<\/p>\n<ul>\n<li><strong>\u0130mha Tipi :\u015eerit kesim ve kredi kart\u0131 imha \u00f6zelli\u011fi<\/strong><\/li>\n<li><strong>Kesme Ebad\u0131 :6 mm<\/strong><\/li>\n<li><strong>Kapasite : 12 sayfa (75 gr. A4 )<\/strong><\/li>\n<li><strong>H\u0131z : 2,97 m\/min<\/strong><\/li>\n<li><strong>Makine Ebatlar\u0131 : 220 mm<\/strong><\/li>\n<li><strong>\u00c7\u00f6p Kapasitesi : 20 L<\/strong><\/li>\n<li><strong>Makine Ebatlar\u0131 : 331 x 221 x 381 mm<\/strong><\/li>\n<li><strong>Net A\u011f\u0131rl\u0131k : 3,55 kg.<\/strong><\/li>\n<li><strong>Ana Fonksiyon : Auto \/ Start \/ Stop \/ A\u015f\u0131r\u0131 \u0131s\u0131nma korumal\u0131 \/ A\u015f\u0131r\u0131 y\u00fckleme korumal\u0131<\/strong><\/li>\n<\/ul>\n<p>&nbsp;<\/p>\n","protected":false},"excerpt":{"rendered":"<p>&nbsp; \u0130mha Tipi :\u015eerit kesim ve kredi kart\u0131 imha \u00f6zelli\u011fi Kesme Ebad\u0131 :6 mm Kapasite : 12 sayfa (75 gr. A4 ) H\u0131z : 2,97 m\/min Makine Ebatlar\u0131 : 220 mm \u00c7\u00f6p Kapasitesi : 20 L Makine Ebatlar\u0131 : 331 x 221 x 381 mm Net A\u011f\u0131rl\u0131k : 3,55 kg. Ana Fonksiyon : Auto \/ [&hellip;]<\/p>\n","protected":false},"featured_media":19935,"template":"","meta":[],"product_brand":[],"product_cat":[40],"product_tag":[150,177],"class_list":{"0":"post-19934","1":"product","2":"type-product","3":"status-publish","4":"has-post-thumbnail","6":"product_cat-evrak-imha","7":"product_tag-aurora","8":"product_tag-evrak-imha","10":"first","11":"instock","12":"taxable","13":"shipping-taxable","14":"purchasable","15":"product-type-simple"},"_links":{"self":[{"href":"https:\/\/xon.com.tr\/tur\/wp-json\/wp\/v2\/product\/19934","targetHints":{"allow":["GET"]}}],"collection":[{"href":"https:\/\/xon.com.tr\/tur\/wp-json\/wp\/v2\/product"}],"about":[{"href":"https:\/\/xon.com.tr\/tur\/wp-json\/wp\/v2\/types\/product"}],"wp:featuredmedia":[{"embeddable":true,"href":"https:\/\/xon.com.tr\/tur\/wp-json\/wp\/v2\/media\/19935"}],"wp:attachment":[{"href":"https:\/\/xon.com.tr\/tur\/wp-json\/wp\/v2\/media?parent=19934"}],"wp:term":[{"taxonomy":"product_brand","embeddable":true,"href":"https:\/\/xon.com.tr\/tur\/wp-json\/wp\/v2\/product_brand?post=19934"},{"taxonomy":"product_cat","embeddable":true,"href":"https:\/\/xon.com.tr\/tur\/wp-json\/wp\/v2\/product_cat?post=19934"},{"taxonomy":"product_tag","embeddable":true,"href":"https:\/\/xon.com.tr\/tur\/wp-json\/wp\/v2\/product_tag?post=19934"}],"curies":[{"name":"wp","href":"https:\/\/api.w.org\/{rel}","templated":true}]}}