{"id":19950,"date":"2020-11-09T13:09:25","date_gmt":"2020-11-09T10:09:25","guid":{"rendered":"https:\/\/xon.com.tr\/tur\/?post_type=product&#038;p=19950"},"modified":"2023-03-01T19:36:55","modified_gmt":"2023-03-01T16:36:55","slug":"royal-soverign-800-evrak-imha-makinesi","status":"publish","type":"product","link":"https:\/\/xon.com.tr\/tur\/magaza\/evrak-imha\/royal-soverign-800-evrak-imha-makinesi\/","title":{"rendered":"ROYAL SOVER\u0130GN 800 EVRAK \u0130MHA MAK\u0130NES\u0130"},"content":{"rendered":"<ul>\n<li><strong>Model AFS-800<\/strong><\/li>\n<li><strong>Otomatik Besleme 70 yaprak<\/strong><\/li>\n<li><strong>Manuel BeslemeKapasitesi 7 yaprak<\/strong><\/li>\n<li><strong>Cd ve K.Kart\u0131 kapasitesi 1 CD, DVD, 1 kredi Kart\u0131<\/strong><\/li>\n<li><strong>G\u00fcr\u00fclt\u00fc Seviyesi 60db<\/strong><\/li>\n<li><strong>Ka\u011f\u0131t Besleme Geni\u015fli\u011fi 23 cm.<\/strong><\/li>\n<li><strong>At\u0131k Kapasitesi 40 lt.<\/strong><\/li>\n<li><strong>G\u00fcvenlik Seviyesi S3<\/strong><\/li>\n<li><strong>Otomatik Geri alma Evet<\/strong><\/li>\n<li><strong>Otomatik star\/stop Evet<\/strong><\/li>\n<li><strong>At\u0131k Hazne Sens\u00f6r\u00fc Evet<\/strong><\/li>\n<li><strong>Kilitli Tekerlek Evet<\/strong><\/li>\n<li><strong>Y\u00fckseklik 76.2 cm<\/strong><\/li>\n<li><strong>Derinlik 39,37 cm<\/strong><\/li>\n<li><strong>Geni\u015flik 40,13 cm<\/strong><\/li>\n<li><strong>A\u011f\u0131rl\u0131k 20 kg<\/strong><\/li>\n<li><strong>Voltaj 220V \/ 60Hz<\/strong><\/li>\n<li><strong>G\u00fc\u00e7 260W<\/strong><\/li>\n<li><strong>Garanti 2 y\u0131l<\/strong><\/li>\n<\/ul>\n<p>&nbsp;<\/p>\n","protected":false},"excerpt":{"rendered":"<p>Model AFS-800 Otomatik Besleme 70 yaprak Manuel BeslemeKapasitesi 7 yaprak Cd ve K.Kart\u0131 kapasitesi 1 CD, DVD, 1 kredi Kart\u0131 G\u00fcr\u00fclt\u00fc Seviyesi 60db Ka\u011f\u0131t Besleme Geni\u015fli\u011fi 23 cm. At\u0131k Kapasitesi 40 lt. G\u00fcvenlik Seviyesi S3 Otomatik Geri alma Evet Otomatik star\/stop Evet At\u0131k Hazne Sens\u00f6r\u00fc Evet Kilitli Tekerlek Evet Y\u00fckseklik 76.2 cm Derinlik 39,37 cm [&hellip;]<\/p>\n","protected":false},"featured_media":19951,"template":"","meta":[],"product_brand":[],"product_cat":[40],"product_tag":[177],"class_list":{"0":"post-19950","1":"product","2":"type-product","3":"status-publish","4":"has-post-thumbnail","6":"product_cat-evrak-imha","7":"product_tag-evrak-imha","9":"first","10":"instock","11":"taxable","12":"shipping-taxable","13":"purchasable","14":"product-type-simple"},"_links":{"self":[{"href":"https:\/\/xon.com.tr\/tur\/wp-json\/wp\/v2\/product\/19950","targetHints":{"allow":["GET"]}}],"collection":[{"href":"https:\/\/xon.com.tr\/tur\/wp-json\/wp\/v2\/product"}],"about":[{"href":"https:\/\/xon.com.tr\/tur\/wp-json\/wp\/v2\/types\/product"}],"wp:featuredmedia":[{"embeddable":true,"href":"https:\/\/xon.com.tr\/tur\/wp-json\/wp\/v2\/media\/19951"}],"wp:attachment":[{"href":"https:\/\/xon.com.tr\/tur\/wp-json\/wp\/v2\/media?parent=19950"}],"wp:term":[{"taxonomy":"product_brand","embeddable":true,"href":"https:\/\/xon.com.tr\/tur\/wp-json\/wp\/v2\/product_brand?post=19950"},{"taxonomy":"product_cat","embeddable":true,"href":"https:\/\/xon.com.tr\/tur\/wp-json\/wp\/v2\/product_cat?post=19950"},{"taxonomy":"product_tag","embeddable":true,"href":"https:\/\/xon.com.tr\/tur\/wp-json\/wp\/v2\/product_tag?post=19950"}],"curies":[{"name":"wp","href":"https:\/\/api.w.org\/{rel}","templated":true}]}}