{"id":19958,"date":"2020-11-09T13:37:02","date_gmt":"2020-11-09T10:37:02","guid":{"rendered":"https:\/\/xon.com.tr\/tur\/?post_type=product&#038;p=19958"},"modified":"2023-03-01T19:50:35","modified_gmt":"2023-03-01T16:50:35","slug":"xon-48-pc-profesyonel-elektrikli-giyotin","status":"publish","type":"product","link":"https:\/\/xon.com.tr\/tur\/magaza\/giyotinler\/elektrikli-giyotinler\/xon-48-pc-profesyonel-elektrikli-giyotin\/","title":{"rendered":"XON 48 PC PROFESYONEL ELEKTR\u0130KL\u0130 G\u0130YOT\u0130N"},"content":{"rendered":"","protected":false},"excerpt":{"rendered":"<p>&nbsp;<\/p>\n<ul>\n<li style=\"list-style-type: none;\">\n<ul>\n<li><strong>MAX.KES\u0130M \u00d6L\u00c7\u00dcS\u00dc : 480 MM.<\/strong><\/li>\n<li><strong>MAX.KES\u0130M KALINLI\u011eI : 50 MM.<\/strong><\/li>\n<li><strong>SIKI\u015eTIRMA : OTOMAT\u0130K<\/strong><\/li>\n<li><strong>KES\u0130M HASSAS\u0130YET\u0130 : 0,3 MM.<\/strong><\/li>\n<li><strong>PRO\u011eRAM \u00d6ZELL\u0130\u011e\u0130 : VAR<\/strong><\/li>\n<li><strong>G\u00dc\u00c7 T\u00dcKET\u0130M\u0130 : 550 KW<\/strong><\/li>\n<li><strong>G\u00dcVENL\u0130K : SENS\u00d6R \u00d6ZELL\u0130KL\u0130<\/strong><\/li>\n<li><strong>LAZER G\u00d6STERGE : VAR<\/strong><\/li>\n<li><strong>A\u011eIRLIK : 160 KG.<\/strong><\/li>\n<li><strong>BOYUTLAR : 985X700X1315MM.<\/strong><\/li>\n<li><strong>GARANT\u0130 : 2 YIL<\/strong><\/li>\n<\/ul>\n<\/li>\n<\/ul>\n<p>&nbsp;<\/p>\n","protected":false},"featured_media":19959,"template":"","meta":[],"product_brand":[],"product_cat":[167,82],"product_tag":[169,168,128],"class_list":{"0":"post-19958","1":"product","2":"type-product","3":"status-publish","4":"has-post-thumbnail","6":"product_cat-elektrikli-giyotinler","7":"product_cat-giyotinler","8":"product_tag-elektrikli-giyotinler","9":"product_tag-giyotinler","10":"product_tag-xon","12":"first","13":"instock","14":"taxable","15":"shipping-taxable","16":"purchasable","17":"product-type-simple"},"_links":{"self":[{"href":"https:\/\/xon.com.tr\/tur\/wp-json\/wp\/v2\/product\/19958","targetHints":{"allow":["GET"]}}],"collection":[{"href":"https:\/\/xon.com.tr\/tur\/wp-json\/wp\/v2\/product"}],"about":[{"href":"https:\/\/xon.com.tr\/tur\/wp-json\/wp\/v2\/types\/product"}],"wp:featuredmedia":[{"embeddable":true,"href":"https:\/\/xon.com.tr\/tur\/wp-json\/wp\/v2\/media\/19959"}],"wp:attachment":[{"href":"https:\/\/xon.com.tr\/tur\/wp-json\/wp\/v2\/media?parent=19958"}],"wp:term":[{"taxonomy":"product_brand","embeddable":true,"href":"https:\/\/xon.com.tr\/tur\/wp-json\/wp\/v2\/product_brand?post=19958"},{"taxonomy":"product_cat","embeddable":true,"href":"https:\/\/xon.com.tr\/tur\/wp-json\/wp\/v2\/product_cat?post=19958"},{"taxonomy":"product_tag","embeddable":true,"href":"https:\/\/xon.com.tr\/tur\/wp-json\/wp\/v2\/product_tag?post=19958"}],"curies":[{"name":"wp","href":"https:\/\/api.w.org\/{rel}","templated":true}]}}