{"id":19960,"date":"2020-11-09T13:53:32","date_gmt":"2020-11-09T10:53:32","guid":{"rendered":"https:\/\/xon.com.tr\/tur\/?post_type=product&#038;p=19960"},"modified":"2023-03-01T19:50:13","modified_gmt":"2023-03-01T16:50:13","slug":"xon-46-pc-elektrikli-giyotin","status":"publish","type":"product","link":"https:\/\/xon.com.tr\/tur\/magaza\/giyotinler\/elektrikli-giyotinler\/xon-46-pc-elektrikli-giyotin\/","title":{"rendered":"XON 46 PC ELEKTR\u0130KL\u0130 G\u0130YOT\u0130N"},"content":{"rendered":"","protected":false},"excerpt":{"rendered":"<p>&nbsp;<\/p>\n<ul>\n<li style=\"list-style-type: none;\">\n<ul>\n<li><strong>MAX.KES\u0130M \u00d6L\u00c7\u00dcS\u00dc : 460 MM.<\/strong><\/li>\n<li><strong>MAX.KES\u0130M KALINLI\u011eI : 50 MM.<\/strong><\/li>\n<li><strong>SIKI\u015eTIRMA : OTOMAT\u0130K<\/strong><\/li>\n<li><strong>BI\u00c7AK BOYUTU : 6X41X550MM.<\/strong><\/li>\n<li><strong>BI\u00c7AK KENAR BOYUTU: 14X14MM.<\/strong><\/li>\n<li><strong>KES\u0130M HASSAS\u0130YET\u0130 : 0,3 MM.<\/strong><\/li>\n<li><strong>PRO\u011eRAM \u00d6ZELL\u0130\u011e\u0130 : VAR<\/strong><\/li>\n<li><strong>G\u00dc\u00c7 T\u00dcKET\u0130M\u0130 : 550 KW<\/strong><\/li>\n<li><strong>G\u00dcVENL\u0130K : SENS\u00d6R \u00d6ZELL\u0130KL\u0130<\/strong><\/li>\n<li><strong>LAZER G\u00d6STERGE : VAR<\/strong><\/li>\n<li><strong>A\u011eIRLIK : 130 KG.<\/strong><\/li>\n<li><strong>BOYUTLAR : 935X620X1235MM.<\/strong><\/li>\n<li><strong>GARANT\u0130 : 2 YIL<\/strong><\/li>\n<\/ul>\n<p>&nbsp;<\/li>\n<\/ul>\n","protected":false},"featured_media":19961,"template":"","meta":[],"product_brand":[],"product_cat":[167],"product_tag":[169,128],"class_list":{"0":"post-19960","1":"product","2":"type-product","3":"status-publish","4":"has-post-thumbnail","6":"product_cat-elektrikli-giyotinler","7":"product_tag-elektrikli-giyotinler","8":"product_tag-xon","10":"first","11":"instock","12":"taxable","13":"shipping-taxable","14":"purchasable","15":"product-type-simple"},"_links":{"self":[{"href":"https:\/\/xon.com.tr\/tur\/wp-json\/wp\/v2\/product\/19960","targetHints":{"allow":["GET"]}}],"collection":[{"href":"https:\/\/xon.com.tr\/tur\/wp-json\/wp\/v2\/product"}],"about":[{"href":"https:\/\/xon.com.tr\/tur\/wp-json\/wp\/v2\/types\/product"}],"wp:featuredmedia":[{"embeddable":true,"href":"https:\/\/xon.com.tr\/tur\/wp-json\/wp\/v2\/media\/19961"}],"wp:attachment":[{"href":"https:\/\/xon.com.tr\/tur\/wp-json\/wp\/v2\/media?parent=19960"}],"wp:term":[{"taxonomy":"product_brand","embeddable":true,"href":"https:\/\/xon.com.tr\/tur\/wp-json\/wp\/v2\/product_brand?post=19960"},{"taxonomy":"product_cat","embeddable":true,"href":"https:\/\/xon.com.tr\/tur\/wp-json\/wp\/v2\/product_cat?post=19960"},{"taxonomy":"product_tag","embeddable":true,"href":"https:\/\/xon.com.tr\/tur\/wp-json\/wp\/v2\/product_tag?post=19960"}],"curies":[{"name":"wp","href":"https:\/\/api.w.org\/{rel}","templated":true}]}}