{"id":19962,"date":"2020-11-09T13:56:27","date_gmt":"2020-11-09T10:56:27","guid":{"rendered":"https:\/\/xon.com.tr\/tur\/?post_type=product&#038;p=19962"},"modified":"2023-03-01T19:50:20","modified_gmt":"2023-03-01T16:50:20","slug":"xon-32-pc-elektrikli-giyotin","status":"publish","type":"product","link":"https:\/\/xon.com.tr\/tur\/magaza\/giyotinler\/elektrikli-giyotinler\/xon-32-pc-elektrikli-giyotin\/","title":{"rendered":"XON 32 PC ELEKTR\u0130KL\u0130 G\u0130YOT\u0130N"},"content":{"rendered":"","protected":false},"excerpt":{"rendered":"<p>&nbsp;<\/p>\n<ul>\n<li><strong>MAX.KES\u0130M \u00d6L\u00c7\u00dcS\u00dc : 320X320 MM.<\/strong><\/li>\n<li><strong>MAX.KES\u0130M KALINLI\u011eI : 25 MM<\/strong><\/li>\n<li><strong>SIKI\u015eTIRMA : OTOMAT\u0130K<\/strong><\/li>\n<li><strong>G\u00dc\u00c7 T\u00dcKET\u0130M\u0130 : 120 W<\/strong><\/li>\n<li><strong>A\u011eIRLIK : 45 KG.<\/strong><\/li>\n<li><strong>BOYUTLAR : 500X540X270MM.<\/strong><\/li>\n<li><strong>GARANT\u0130 : 2 YIL<\/strong><\/li>\n<\/ul>\n<p>&nbsp;<\/p>\n","protected":false},"featured_media":19963,"template":"","meta":[],"product_brand":[],"product_cat":[167],"product_tag":[169,128],"class_list":{"0":"post-19962","1":"product","2":"type-product","3":"status-publish","4":"has-post-thumbnail","6":"product_cat-elektrikli-giyotinler","7":"product_tag-elektrikli-giyotinler","8":"product_tag-xon","10":"first","11":"instock","12":"taxable","13":"shipping-taxable","14":"purchasable","15":"product-type-simple"},"_links":{"self":[{"href":"https:\/\/xon.com.tr\/tur\/wp-json\/wp\/v2\/product\/19962","targetHints":{"allow":["GET"]}}],"collection":[{"href":"https:\/\/xon.com.tr\/tur\/wp-json\/wp\/v2\/product"}],"about":[{"href":"https:\/\/xon.com.tr\/tur\/wp-json\/wp\/v2\/types\/product"}],"wp:featuredmedia":[{"embeddable":true,"href":"https:\/\/xon.com.tr\/tur\/wp-json\/wp\/v2\/media\/19963"}],"wp:attachment":[{"href":"https:\/\/xon.com.tr\/tur\/wp-json\/wp\/v2\/media?parent=19962"}],"wp:term":[{"taxonomy":"product_brand","embeddable":true,"href":"https:\/\/xon.com.tr\/tur\/wp-json\/wp\/v2\/product_brand?post=19962"},{"taxonomy":"product_cat","embeddable":true,"href":"https:\/\/xon.com.tr\/tur\/wp-json\/wp\/v2\/product_cat?post=19962"},{"taxonomy":"product_tag","embeddable":true,"href":"https:\/\/xon.com.tr\/tur\/wp-json\/wp\/v2\/product_tag?post=19962"}],"curies":[{"name":"wp","href":"https:\/\/api.w.org\/{rel}","templated":true}]}}