{"id":19968,"date":"2020-11-09T14:18:21","date_gmt":"2020-11-09T11:18:21","guid":{"rendered":"https:\/\/xon.com.tr\/tur\/?post_type=product&#038;p=19968"},"modified":"2023-03-01T19:49:09","modified_gmt":"2023-03-01T16:49:09","slug":"xon-43m-kollu-giyotin","status":"publish","type":"product","link":"https:\/\/xon.com.tr\/tur\/magaza\/giyotinler\/profesyonel-kollu-giyotinler\/xon-43m-kollu-giyotin\/","title":{"rendered":"XON 43M KOLLU G\u0130YOT\u0130N"},"content":{"rendered":"","protected":false},"excerpt":{"rendered":"<p>&nbsp;<\/p>\n<ul>\n<li><strong>Maksimum Kesim Ebad\u0131 : 430 cm.<\/strong><\/li>\n<li><strong>Minimum Kesim Ebad\u0131 :<\/strong><\/li>\n<li><strong>Kesim Kal\u0131nl\u0131\u011f\u0131 :30 mm<\/strong><\/li>\n<li><strong>Hassas Kesim :<\/strong><\/li>\n<li><strong>Ka\u011f\u0131t SIk\u0131\u015ft\u0131rma Modu : Manuel<\/strong><\/li>\n<li><strong>A\u011f\u0131rl\u0131k : 36 kg.<\/strong><\/li>\n<li><strong>Makine \u00d6l\u00e7\u00fcs\u00fc : 770x540x360mm<\/strong><\/li>\n<li><strong>Garanti : 2 Y\u0131l<\/strong><\/li>\n<\/ul>\n<p>&nbsp;<\/p>\n","protected":false},"featured_media":19969,"template":"","meta":[],"product_brand":[],"product_cat":[170],"product_tag":[171,128],"class_list":{"0":"post-19968","1":"product","2":"type-product","3":"status-publish","4":"has-post-thumbnail","6":"product_cat-profesyonel-kollu-giyotinler","7":"product_tag-profesyonel-kollu-giyotinler","8":"product_tag-xon","10":"first","11":"instock","12":"taxable","13":"shipping-taxable","14":"purchasable","15":"product-type-simple"},"_links":{"self":[{"href":"https:\/\/xon.com.tr\/tur\/wp-json\/wp\/v2\/product\/19968","targetHints":{"allow":["GET"]}}],"collection":[{"href":"https:\/\/xon.com.tr\/tur\/wp-json\/wp\/v2\/product"}],"about":[{"href":"https:\/\/xon.com.tr\/tur\/wp-json\/wp\/v2\/types\/product"}],"wp:featuredmedia":[{"embeddable":true,"href":"https:\/\/xon.com.tr\/tur\/wp-json\/wp\/v2\/media\/19969"}],"wp:attachment":[{"href":"https:\/\/xon.com.tr\/tur\/wp-json\/wp\/v2\/media?parent=19968"}],"wp:term":[{"taxonomy":"product_brand","embeddable":true,"href":"https:\/\/xon.com.tr\/tur\/wp-json\/wp\/v2\/product_brand?post=19968"},{"taxonomy":"product_cat","embeddable":true,"href":"https:\/\/xon.com.tr\/tur\/wp-json\/wp\/v2\/product_cat?post=19968"},{"taxonomy":"product_tag","embeddable":true,"href":"https:\/\/xon.com.tr\/tur\/wp-json\/wp\/v2\/product_tag?post=19968"}],"curies":[{"name":"wp","href":"https:\/\/api.w.org\/{rel}","templated":true}]}}