{"id":19976,"date":"2020-11-11T11:58:11","date_gmt":"2020-11-11T08:58:11","guid":{"rendered":"https:\/\/xon.com.tr\/tur\/?post_type=product&#038;p=19976"},"modified":"2023-03-01T19:48:40","modified_gmt":"2023-03-01T16:48:40","slug":"rc-321-kollu-giyotin","status":"publish","type":"product","link":"https:\/\/xon.com.tr\/tur\/magaza\/giyotinler\/kollu-giyotinler\/rc-321-kollu-giyotin\/","title":{"rendered":"RC 321 KOLLU G\u0130YOT\u0130N"},"content":{"rendered":"","protected":false},"excerpt":{"rendered":"<p>&nbsp;<\/p>\n<ul>\n<li><strong>KES\u0130M UZUNLU\u011eU : 321 MM.<\/strong><\/li>\n<li><strong>KES\u0130M KAPAS\u0130TES\u0130 : 5 SAYFA<\/strong><\/li>\n<li><strong>A\u011eIRLIK : 2 KG.<\/strong><\/li>\n<li><strong>BOYUTLAR : 530X220X60 MM.<\/strong><\/li>\n<li><strong>GARANT\u0130 : 2 YIL<\/strong><\/li>\n<\/ul>\n<p>&nbsp;<\/p>\n","protected":false},"featured_media":19977,"template":"","meta":[],"product_brand":[],"product_cat":[172],"product_tag":[173],"class_list":{"0":"post-19976","1":"product","2":"type-product","3":"status-publish","4":"has-post-thumbnail","6":"product_cat-kollu-giyotinler","7":"product_tag-kollu-giyotinler","9":"first","10":"instock","11":"taxable","12":"shipping-taxable","13":"purchasable","14":"product-type-simple"},"_links":{"self":[{"href":"https:\/\/xon.com.tr\/tur\/wp-json\/wp\/v2\/product\/19976","targetHints":{"allow":["GET"]}}],"collection":[{"href":"https:\/\/xon.com.tr\/tur\/wp-json\/wp\/v2\/product"}],"about":[{"href":"https:\/\/xon.com.tr\/tur\/wp-json\/wp\/v2\/types\/product"}],"wp:featuredmedia":[{"embeddable":true,"href":"https:\/\/xon.com.tr\/tur\/wp-json\/wp\/v2\/media\/19977"}],"wp:attachment":[{"href":"https:\/\/xon.com.tr\/tur\/wp-json\/wp\/v2\/media?parent=19976"}],"wp:term":[{"taxonomy":"product_brand","embeddable":true,"href":"https:\/\/xon.com.tr\/tur\/wp-json\/wp\/v2\/product_brand?post=19976"},{"taxonomy":"product_cat","embeddable":true,"href":"https:\/\/xon.com.tr\/tur\/wp-json\/wp\/v2\/product_cat?post=19976"},{"taxonomy":"product_tag","embeddable":true,"href":"https:\/\/xon.com.tr\/tur\/wp-json\/wp\/v2\/product_tag?post=19976"}],"curies":[{"name":"wp","href":"https:\/\/api.w.org\/{rel}","templated":true}]}}