{"id":19980,"date":"2020-11-11T12:16:24","date_gmt":"2020-11-11T09:16:24","guid":{"rendered":"https:\/\/xon.com.tr\/tur\/?post_type=product&#038;p=19980"},"modified":"2023-03-01T19:48:26","modified_gmt":"2023-03-01T16:48:26","slug":"rc-371-kollu-giyotin","status":"publish","type":"product","link":"https:\/\/xon.com.tr\/tur\/magaza\/giyotinler\/kollu-giyotinler\/rc-371-kollu-giyotin\/","title":{"rendered":"RC 371 KOLLU G\u0130YOT\u0130N"},"content":{"rendered":"","protected":false},"excerpt":{"rendered":"<p>&nbsp;<\/p>\n<ul>\n<li><strong>KES\u0130M UZUNLU\u011eU : 370 MM.<\/strong><\/li>\n<li><strong>KES\u0130M KAPAS\u0130TES\u0130 : 13\/15 SAYFA<\/strong><\/li>\n<li><strong>EKRAN UNI FORMAT : A6-A5-A4-B5<\/strong><\/li>\n<li><strong>KA\u011eIT BASKI S\u0130STEM\u0130 : Ergonomik Dizayn-Manuel<\/strong><\/li>\n<li><strong>KAPZALI,DUPLE EL KORUMA<\/strong><\/li>\n<li><strong>\u00d6L\u00c7\u00dc : MM.-inches<\/strong><\/li>\n<li><strong>A\u011eIRLIK : 3,6 KG.<\/strong><\/li>\n<li><strong>BOYUTLAR : 580X260X400 MM.<\/strong><\/li>\n<li><strong>GARANT\u0130 : 2 YIL<\/strong><\/li>\n<\/ul>\n<p>&nbsp;<\/p>\n","protected":false},"featured_media":19981,"template":"","meta":[],"product_brand":[],"product_cat":[172],"product_tag":[173],"class_list":{"0":"post-19980","1":"product","2":"type-product","3":"status-publish","4":"has-post-thumbnail","6":"product_cat-kollu-giyotinler","7":"product_tag-kollu-giyotinler","9":"first","10":"instock","11":"taxable","12":"shipping-taxable","13":"purchasable","14":"product-type-simple"},"_links":{"self":[{"href":"https:\/\/xon.com.tr\/tur\/wp-json\/wp\/v2\/product\/19980","targetHints":{"allow":["GET"]}}],"collection":[{"href":"https:\/\/xon.com.tr\/tur\/wp-json\/wp\/v2\/product"}],"about":[{"href":"https:\/\/xon.com.tr\/tur\/wp-json\/wp\/v2\/types\/product"}],"wp:featuredmedia":[{"embeddable":true,"href":"https:\/\/xon.com.tr\/tur\/wp-json\/wp\/v2\/media\/19981"}],"wp:attachment":[{"href":"https:\/\/xon.com.tr\/tur\/wp-json\/wp\/v2\/media?parent=19980"}],"wp:term":[{"taxonomy":"product_brand","embeddable":true,"href":"https:\/\/xon.com.tr\/tur\/wp-json\/wp\/v2\/product_brand?post=19980"},{"taxonomy":"product_cat","embeddable":true,"href":"https:\/\/xon.com.tr\/tur\/wp-json\/wp\/v2\/product_cat?post=19980"},{"taxonomy":"product_tag","embeddable":true,"href":"https:\/\/xon.com.tr\/tur\/wp-json\/wp\/v2\/product_tag?post=19980"}],"curies":[{"name":"wp","href":"https:\/\/api.w.org\/{rel}","templated":true}]}}