{"id":20000,"date":"2020-11-11T12:52:18","date_gmt":"2020-11-11T09:52:18","guid":{"rendered":"https:\/\/xon.com.tr\/tur\/?post_type=product&#038;p=20000"},"modified":"2023-03-01T19:46:18","modified_gmt":"2023-03-01T16:46:18","slug":"tata-rpt-1300-surgulu-giyotin","status":"publish","type":"product","link":"https:\/\/xon.com.tr\/tur\/magaza\/giyotinler\/surgulu-giyotinler\/tata-rpt-1300-surgulu-giyotin\/","title":{"rendered":"TATA RPT 1300 S\u00dcRG\u00dcL\u00dc G\u0130YOT\u0130N"},"content":{"rendered":"<p>[<\/p>\n<p>&nbsp;<\/p>\n","protected":false},"excerpt":{"rendered":"<ul>\n<li><strong>KES\u0130M UZUNLU\u011eU :1300 MM.<\/strong><\/li>\n<li><strong>KESME KAPAS\u0130TES\u0130 : 7 SAYFA<\/strong><\/li>\n<li><strong>TABLA \u00d6L\u00c7\u00dcS\u00dc : 1496X318 MM.<\/strong><\/li>\n<li><strong>A\u011eIRLIK : 15,6 KG.<\/strong><\/li>\n<li><strong>GARANT\u0130 : 2 YIL<\/strong><\/li>\n<\/ul>\n<p>&nbsp;<\/p>\n","protected":false},"featured_media":19997,"template":"","meta":[],"product_brand":[],"product_cat":[174],"product_tag":[175,176],"class_list":{"0":"post-20000","1":"product","2":"type-product","3":"status-publish","4":"has-post-thumbnail","6":"product_cat-surgulu-giyotinler","7":"product_tag-surgulu-giyotinler","8":"product_tag-tata","10":"first","11":"instock","12":"taxable","13":"shipping-taxable","14":"purchasable","15":"product-type-simple"},"_links":{"self":[{"href":"https:\/\/xon.com.tr\/tur\/wp-json\/wp\/v2\/product\/20000","targetHints":{"allow":["GET"]}}],"collection":[{"href":"https:\/\/xon.com.tr\/tur\/wp-json\/wp\/v2\/product"}],"about":[{"href":"https:\/\/xon.com.tr\/tur\/wp-json\/wp\/v2\/types\/product"}],"wp:featuredmedia":[{"embeddable":true,"href":"https:\/\/xon.com.tr\/tur\/wp-json\/wp\/v2\/media\/19997"}],"wp:attachment":[{"href":"https:\/\/xon.com.tr\/tur\/wp-json\/wp\/v2\/media?parent=20000"}],"wp:term":[{"taxonomy":"product_brand","embeddable":true,"href":"https:\/\/xon.com.tr\/tur\/wp-json\/wp\/v2\/product_brand?post=20000"},{"taxonomy":"product_cat","embeddable":true,"href":"https:\/\/xon.com.tr\/tur\/wp-json\/wp\/v2\/product_cat?post=20000"},{"taxonomy":"product_tag","embeddable":true,"href":"https:\/\/xon.com.tr\/tur\/wp-json\/wp\/v2\/product_tag?post=20000"}],"curies":[{"name":"wp","href":"https:\/\/api.w.org\/{rel}","templated":true}]}}