{"id":20001,"date":"2020-11-13T13:45:48","date_gmt":"2020-11-13T10:45:48","guid":{"rendered":"https:\/\/xon.com.tr\/tur\/?post_type=product&#038;p=20001"},"modified":"2023-03-01T19:31:08","modified_gmt":"2023-03-01T16:31:08","slug":"xon-metal-klipsli-boyun-aski-ipi-muhtelif-renklerde","status":"publish","type":"product","link":"https:\/\/xon.com.tr\/tur\/magaza\/aksesuar\/xon-metal-klipsli-boyun-aski-ipi-muhtelif-renklerde\/","title":{"rendered":"XON METAL KL\u0130PSL\u0130 BOYUN ASKI \u0130P\u0130 (Muhtelif Renklerde)"},"content":{"rendered":"","protected":false},"excerpt":{"rendered":"<p>&nbsp;<\/p>\n<ul>\n<li><strong>1,3 CM GEN\u0130\u015eL\u0130\u011e\u0130NDE<\/strong><\/li>\n<li><strong>POLYESTER DOKUMA<\/strong><\/li>\n<li><strong>50 ADET<\/strong><\/li>\n<\/ul>\n<p>&nbsp;<\/p>\n","protected":false},"featured_media":20032,"template":"","meta":[],"product_brand":[],"product_cat":[17],"product_tag":[215,128],"class_list":{"0":"post-20001","1":"product","2":"type-product","3":"status-publish","4":"has-post-thumbnail","6":"product_cat-aksesuar","7":"product_tag-boyun-askisi-ipi","8":"product_tag-xon","10":"first","11":"instock","12":"taxable","13":"shipping-taxable","14":"purchasable","15":"product-type-variable"},"_links":{"self":[{"href":"https:\/\/xon.com.tr\/tur\/wp-json\/wp\/v2\/product\/20001","targetHints":{"allow":["GET"]}}],"collection":[{"href":"https:\/\/xon.com.tr\/tur\/wp-json\/wp\/v2\/product"}],"about":[{"href":"https:\/\/xon.com.tr\/tur\/wp-json\/wp\/v2\/types\/product"}],"wp:featuredmedia":[{"embeddable":true,"href":"https:\/\/xon.com.tr\/tur\/wp-json\/wp\/v2\/media\/20032"}],"wp:attachment":[{"href":"https:\/\/xon.com.tr\/tur\/wp-json\/wp\/v2\/media?parent=20001"}],"wp:term":[{"taxonomy":"product_brand","embeddable":true,"href":"https:\/\/xon.com.tr\/tur\/wp-json\/wp\/v2\/product_brand?post=20001"},{"taxonomy":"product_cat","embeddable":true,"href":"https:\/\/xon.com.tr\/tur\/wp-json\/wp\/v2\/product_cat?post=20001"},{"taxonomy":"product_tag","embeddable":true,"href":"https:\/\/xon.com.tr\/tur\/wp-json\/wp\/v2\/product_tag?post=20001"}],"curies":[{"name":"wp","href":"https:\/\/api.w.org\/{rel}","templated":true}]}}