{"id":20101,"date":"2020-11-13T15:37:27","date_gmt":"2020-11-13T12:37:27","guid":{"rendered":"https:\/\/xon.com.tr\/tur\/?post_type=product&#038;p=20101"},"modified":"2020-11-13T15:37:41","modified_gmt":"2020-11-13T12:37:41","slug":"xon-ozel-ebat-kart-poseti1-nolu-poset-pvc","status":"publish","type":"product","link":"https:\/\/xon.com.tr\/tur\/magaza\/aksesuar\/kart-koruyucular\/xon-ozel-ebat-kart-poseti1-nolu-poset-pvc\/","title":{"rendered":"XON \u00d6ZEL EBAT KART PO\u015eET\u0130(1 NOLU PO\u015eET) PVC"},"content":{"rendered":"","protected":false},"excerpt":{"rendered":"","protected":false},"featured_media":20102,"template":"","meta":[],"product_brand":[],"product_cat":[219],"product_tag":[],"class_list":{"0":"post-20101","1":"product","2":"type-product","3":"status-publish","4":"has-post-thumbnail","6":"product_cat-kart-koruyucular","8":"first","9":"instock","10":"taxable","11":"shipping-taxable","12":"product-type-simple"},"_links":{"self":[{"href":"https:\/\/xon.com.tr\/tur\/wp-json\/wp\/v2\/product\/20101","targetHints":{"allow":["GET"]}}],"collection":[{"href":"https:\/\/xon.com.tr\/tur\/wp-json\/wp\/v2\/product"}],"about":[{"href":"https:\/\/xon.com.tr\/tur\/wp-json\/wp\/v2\/types\/product"}],"wp:featuredmedia":[{"embeddable":true,"href":"https:\/\/xon.com.tr\/tur\/wp-json\/wp\/v2\/media\/20102"}],"wp:attachment":[{"href":"https:\/\/xon.com.tr\/tur\/wp-json\/wp\/v2\/media?parent=20101"}],"wp:term":[{"taxonomy":"product_brand","embeddable":true,"href":"https:\/\/xon.com.tr\/tur\/wp-json\/wp\/v2\/product_brand?post=20101"},{"taxonomy":"product_cat","embeddable":true,"href":"https:\/\/xon.com.tr\/tur\/wp-json\/wp\/v2\/product_cat?post=20101"},{"taxonomy":"product_tag","embeddable":true,"href":"https:\/\/xon.com.tr\/tur\/wp-json\/wp\/v2\/product_tag?post=20101"}],"curies":[{"name":"wp","href":"https:\/\/api.w.org\/{rel}","templated":true}]}}