{"id":20107,"date":"2020-11-13T15:42:08","date_gmt":"2020-11-13T12:42:08","guid":{"rendered":"https:\/\/xon.com.tr\/tur\/?post_type=product&#038;p=20107"},"modified":"2023-03-01T19:30:08","modified_gmt":"2023-03-01T16:30:08","slug":"xon-ozel-ebat-kart-poseti4-nolu-poset-pvc","status":"publish","type":"product","link":"https:\/\/xon.com.tr\/tur\/magaza\/aksesuar\/kart-koruyucular\/xon-ozel-ebat-kart-poseti4-nolu-poset-pvc\/","title":{"rendered":"XON \u00d6ZEL EBAT KART PO\u015eET\u0130(4 NOLU PO\u015eET) PVC"},"content":{"rendered":"","protected":false},"excerpt":{"rendered":"","protected":false},"featured_media":20108,"template":"","meta":[],"product_brand":[],"product_cat":[219],"product_tag":[227,128],"class_list":{"0":"post-20107","1":"product","2":"type-product","3":"status-publish","4":"has-post-thumbnail","6":"product_cat-kart-koruyucular","7":"product_tag-ozel-ebat-kart-poseti","8":"product_tag-xon","10":"first","11":"instock","12":"taxable","13":"shipping-taxable","14":"product-type-simple"},"_links":{"self":[{"href":"https:\/\/xon.com.tr\/tur\/wp-json\/wp\/v2\/product\/20107","targetHints":{"allow":["GET"]}}],"collection":[{"href":"https:\/\/xon.com.tr\/tur\/wp-json\/wp\/v2\/product"}],"about":[{"href":"https:\/\/xon.com.tr\/tur\/wp-json\/wp\/v2\/types\/product"}],"wp:featuredmedia":[{"embeddable":true,"href":"https:\/\/xon.com.tr\/tur\/wp-json\/wp\/v2\/media\/20108"}],"wp:attachment":[{"href":"https:\/\/xon.com.tr\/tur\/wp-json\/wp\/v2\/media?parent=20107"}],"wp:term":[{"taxonomy":"product_brand","embeddable":true,"href":"https:\/\/xon.com.tr\/tur\/wp-json\/wp\/v2\/product_brand?post=20107"},{"taxonomy":"product_cat","embeddable":true,"href":"https:\/\/xon.com.tr\/tur\/wp-json\/wp\/v2\/product_cat?post=20107"},{"taxonomy":"product_tag","embeddable":true,"href":"https:\/\/xon.com.tr\/tur\/wp-json\/wp\/v2\/product_tag?post=20107"}],"curies":[{"name":"wp","href":"https:\/\/api.w.org\/{rel}","templated":true}]}}