{"id":20109,"date":"2020-11-13T15:43:07","date_gmt":"2020-11-13T12:43:07","guid":{"rendered":"https:\/\/xon.com.tr\/tur\/?post_type=product&#038;p=20109"},"modified":"2023-03-01T19:30:06","modified_gmt":"2023-03-01T16:30:06","slug":"xon-ozel-ebat-kart-poseti5-nolu-poset-pvc","status":"publish","type":"product","link":"https:\/\/xon.com.tr\/tur\/magaza\/aksesuar\/kart-koruyucular\/xon-ozel-ebat-kart-poseti5-nolu-poset-pvc\/","title":{"rendered":"XON \u00d6ZEL EBAT KART PO\u015eET\u0130(5 NOLU PO\u015eET) PVC"},"content":{"rendered":"","protected":false},"excerpt":{"rendered":"","protected":false},"featured_media":20110,"template":"","meta":[],"product_brand":[],"product_cat":[219],"product_tag":[227,128],"class_list":{"0":"post-20109","1":"product","2":"type-product","3":"status-publish","4":"has-post-thumbnail","6":"product_cat-kart-koruyucular","7":"product_tag-ozel-ebat-kart-poseti","8":"product_tag-xon","10":"first","11":"instock","12":"taxable","13":"shipping-taxable","14":"product-type-simple"},"_links":{"self":[{"href":"https:\/\/xon.com.tr\/tur\/wp-json\/wp\/v2\/product\/20109","targetHints":{"allow":["GET"]}}],"collection":[{"href":"https:\/\/xon.com.tr\/tur\/wp-json\/wp\/v2\/product"}],"about":[{"href":"https:\/\/xon.com.tr\/tur\/wp-json\/wp\/v2\/types\/product"}],"wp:featuredmedia":[{"embeddable":true,"href":"https:\/\/xon.com.tr\/tur\/wp-json\/wp\/v2\/media\/20110"}],"wp:attachment":[{"href":"https:\/\/xon.com.tr\/tur\/wp-json\/wp\/v2\/media?parent=20109"}],"wp:term":[{"taxonomy":"product_brand","embeddable":true,"href":"https:\/\/xon.com.tr\/tur\/wp-json\/wp\/v2\/product_brand?post=20109"},{"taxonomy":"product_cat","embeddable":true,"href":"https:\/\/xon.com.tr\/tur\/wp-json\/wp\/v2\/product_cat?post=20109"},{"taxonomy":"product_tag","embeddable":true,"href":"https:\/\/xon.com.tr\/tur\/wp-json\/wp\/v2\/product_tag?post=20109"}],"curies":[{"name":"wp","href":"https:\/\/api.w.org\/{rel}","templated":true}]}}