{"id":20126,"date":"2020-11-13T16:24:17","date_gmt":"2020-11-13T13:24:17","guid":{"rendered":"https:\/\/xon.com.tr\/tur\/?post_type=product&#038;p=20126"},"modified":"2023-03-01T19:27:52","modified_gmt":"2023-03-01T16:27:52","slug":"xon-bavul-aski-ipi","status":"publish","type":"product","link":"https:\/\/xon.com.tr\/tur\/magaza\/aksesuar\/aksesuarlar\/xon-bavul-aski-ipi\/","title":{"rendered":"XON BAVUL ASKI \u0130P\u0130"},"content":{"rendered":"","protected":false},"excerpt":{"rendered":"<p>&nbsp;<\/p>\n<ul>\n<li><strong>\u015eEFFAF \u00dcR\u00dcN<\/strong><\/li>\n<li><strong>100 ADET<\/strong><\/li>\n<li><strong>\u015eEFFAF S\u0130L\u0130KON BAVUL ASKISI, KART KABLARIYLA, KART PO\u015eETLER\u0130YLE, ID KARTLARLA KULLANILAB\u0130L\u0130R.<\/strong><\/li>\n<\/ul>\n<p>&nbsp;<\/p>\n","protected":false},"featured_media":20127,"template":"","meta":[],"product_brand":[],"product_cat":[228],"product_tag":[234,128],"class_list":{"0":"post-20126","1":"product","2":"type-product","3":"status-publish","4":"has-post-thumbnail","6":"product_cat-aksesuarlar","7":"product_tag-bavul-aski-ipi","8":"product_tag-xon","10":"first","11":"instock","12":"taxable","13":"shipping-taxable","14":"purchasable","15":"product-type-simple"},"_links":{"self":[{"href":"https:\/\/xon.com.tr\/tur\/wp-json\/wp\/v2\/product\/20126","targetHints":{"allow":["GET"]}}],"collection":[{"href":"https:\/\/xon.com.tr\/tur\/wp-json\/wp\/v2\/product"}],"about":[{"href":"https:\/\/xon.com.tr\/tur\/wp-json\/wp\/v2\/types\/product"}],"wp:featuredmedia":[{"embeddable":true,"href":"https:\/\/xon.com.tr\/tur\/wp-json\/wp\/v2\/media\/20127"}],"wp:attachment":[{"href":"https:\/\/xon.com.tr\/tur\/wp-json\/wp\/v2\/media?parent=20126"}],"wp:term":[{"taxonomy":"product_brand","embeddable":true,"href":"https:\/\/xon.com.tr\/tur\/wp-json\/wp\/v2\/product_brand?post=20126"},{"taxonomy":"product_cat","embeddable":true,"href":"https:\/\/xon.com.tr\/tur\/wp-json\/wp\/v2\/product_cat?post=20126"},{"taxonomy":"product_tag","embeddable":true,"href":"https:\/\/xon.com.tr\/tur\/wp-json\/wp\/v2\/product_tag?post=20126"}],"curies":[{"name":"wp","href":"https:\/\/api.w.org\/{rel}","templated":true}]}}