{"id":20151,"date":"2020-11-13T17:01:32","date_gmt":"2020-11-13T14:01:32","guid":{"rendered":"https:\/\/xon.com.tr\/tur\/?post_type=product&#038;p=20151"},"modified":"2020-11-13T17:01:32","modified_gmt":"2020-11-13T14:01:32","slug":"xon-plastik-nato-tipi-klips","status":"publish","type":"product","link":"https:\/\/xon.com.tr\/tur\/magaza\/aksesuar\/klipsler\/xon-plastik-nato-tipi-klips\/","title":{"rendered":"XON PLAST\u0130K NATO T\u0130P\u0130 KL\u0130PS"},"content":{"rendered":"","protected":false},"excerpt":{"rendered":"","protected":false},"featured_media":20157,"template":"","meta":[],"product_brand":[],"product_cat":[238],"product_tag":[240,128],"class_list":{"0":"post-20151","1":"product","2":"type-product","3":"status-publish","4":"has-post-thumbnail","6":"product_cat-klipsler","7":"product_tag-klipsler","8":"product_tag-xon","10":"first","11":"instock","12":"taxable","13":"shipping-taxable","14":"purchasable","15":"product-type-variable"},"_links":{"self":[{"href":"https:\/\/xon.com.tr\/tur\/wp-json\/wp\/v2\/product\/20151","targetHints":{"allow":["GET"]}}],"collection":[{"href":"https:\/\/xon.com.tr\/tur\/wp-json\/wp\/v2\/product"}],"about":[{"href":"https:\/\/xon.com.tr\/tur\/wp-json\/wp\/v2\/types\/product"}],"wp:featuredmedia":[{"embeddable":true,"href":"https:\/\/xon.com.tr\/tur\/wp-json\/wp\/v2\/media\/20157"}],"wp:attachment":[{"href":"https:\/\/xon.com.tr\/tur\/wp-json\/wp\/v2\/media?parent=20151"}],"wp:term":[{"taxonomy":"product_brand","embeddable":true,"href":"https:\/\/xon.com.tr\/tur\/wp-json\/wp\/v2\/product_brand?post=20151"},{"taxonomy":"product_cat","embeddable":true,"href":"https:\/\/xon.com.tr\/tur\/wp-json\/wp\/v2\/product_cat?post=20151"},{"taxonomy":"product_tag","embeddable":true,"href":"https:\/\/xon.com.tr\/tur\/wp-json\/wp\/v2\/product_tag?post=20151"}],"curies":[{"name":"wp","href":"https:\/\/api.w.org\/{rel}","templated":true}]}}