{"id":20162,"date":"2020-12-05T14:58:01","date_gmt":"2020-12-05T11:58:01","guid":{"rendered":"https:\/\/xon.com.tr\/tur\/?post_type=product&#038;p=20162"},"modified":"2021-12-13T15:57:06","modified_gmt":"2021-12-13T12:57:06","slug":"xon-hq335-a3-laminasyon-makinesi","status":"publish","type":"product","link":"https:\/\/xon.com.tr\/tur\/magaza\/laminasyon\/laminasyon-makineleri\/xon-hq335-a3-laminasyon-makinesi\/","title":{"rendered":"XON HQ335 A3 LAM\u0130NASYON MAK\u0130NES\u0130"},"content":{"rendered":"","protected":false},"excerpt":{"rendered":"<p>[fusion_checklist icon=&#8221;ok&#8221; iconcolor=&#8221;#aaaaaa&#8221; circle=&#8221;no&#8221;]<\/p>\n<ul>\n<li><strong>LAM\u0130NASYON HIZI : 2500 MM\/DK<\/strong><\/li>\n<li><strong>LAM\u0130NASYON KALINLI\u011eI : 1 MM<\/strong><\/li>\n<li><strong>MAX.LAM.GEN\u0130\u015eL\u0130\u011e\u0130 : 325MM<\/strong><\/li>\n<li><strong>G\u00dc\u00c7 T\u00dcKET\u0130M\u0130 : 270W<\/strong><\/li>\n<li><strong>ISINMA S\u00dcRES\u0130 : 4 DK.<\/strong><\/li>\n<li><strong>MERDANE : 2 ADET<\/strong><\/li>\n<li><strong>BOYUTLAR : 450MMX145MMX65MM<\/strong><\/li>\n<li><strong>BR\u00dcT\/NET A\u011eIRLIK : 1,55 KG.<\/strong><\/li>\n<\/ul>\n<p>[\/fusion_checklist]<\/p>\n","protected":false},"featured_media":20163,"template":"","meta":[],"product_brand":[],"product_cat":[241],"product_tag":[242,243],"class_list":{"0":"post-20162","1":"product","2":"type-product","3":"status-publish","4":"has-post-thumbnail","6":"product_cat-laminasyon-makineleri","7":"product_tag-laminasyon-makineleri","8":"product_tag-royal-sovereign","10":"first","11":"instock","12":"taxable","13":"shipping-taxable","14":"purchasable","15":"product-type-simple"},"_links":{"self":[{"href":"https:\/\/xon.com.tr\/tur\/wp-json\/wp\/v2\/product\/20162","targetHints":{"allow":["GET"]}}],"collection":[{"href":"https:\/\/xon.com.tr\/tur\/wp-json\/wp\/v2\/product"}],"about":[{"href":"https:\/\/xon.com.tr\/tur\/wp-json\/wp\/v2\/types\/product"}],"wp:featuredmedia":[{"embeddable":true,"href":"https:\/\/xon.com.tr\/tur\/wp-json\/wp\/v2\/media\/20163"}],"wp:attachment":[{"href":"https:\/\/xon.com.tr\/tur\/wp-json\/wp\/v2\/media?parent=20162"}],"wp:term":[{"taxonomy":"product_brand","embeddable":true,"href":"https:\/\/xon.com.tr\/tur\/wp-json\/wp\/v2\/product_brand?post=20162"},{"taxonomy":"product_cat","embeddable":true,"href":"https:\/\/xon.com.tr\/tur\/wp-json\/wp\/v2\/product_cat?post=20162"},{"taxonomy":"product_tag","embeddable":true,"href":"https:\/\/xon.com.tr\/tur\/wp-json\/wp\/v2\/product_tag?post=20162"}],"curies":[{"name":"wp","href":"https:\/\/api.w.org\/{rel}","templated":true}]}}