{"id":20164,"date":"2020-12-05T15:02:30","date_gmt":"2020-12-05T12:02:30","guid":{"rendered":"https:\/\/xon.com.tr\/tur\/?post_type=product&#038;p=20164"},"modified":"2023-03-01T17:41:47","modified_gmt":"2023-03-01T14:41:47","slug":"royal-sovereign-apl-230-a4-laminasyon-makinesi","status":"publish","type":"product","link":"https:\/\/xon.com.tr\/tur\/magaza\/laminasyon\/laminasyon-makineleri\/royal-sovereign-apl-230-a4-laminasyon-makinesi\/","title":{"rendered":"ROYAL SOVEREIGN APL 230 A4 LAM\u0130NASYON MAK\u0130NES\u0130"},"content":{"rendered":"<ul>\n<li><strong>Max. Laminasyon H\u0131z\u0131 (mm \/ dk) 520<\/strong><\/li>\n<li><strong>Max. Laminasyon Geni\u015fli\u011fi (mm) 235<\/strong><\/li>\n<li><strong>Max. Ka\u011f\u0131t boyutu A4<\/strong><\/li>\n<li><strong>G\u00fc\u00e7 kayna\u011f\u0131 (Volt \/ Hz) 120 ~ 240V, 50 ~ 60Hz<\/strong><\/li>\n<li><strong>G\u00fc\u00e7 T\u00fcketimi (W) 550<\/strong><\/li>\n<li><strong>Boyutlar 405 X 205 X122 mm<\/strong><\/li>\n<li><strong>A\u011f\u0131rl\u0131k (kg) 3.8<\/strong><\/li>\n<li><strong>Haz\u0131r S\u00fcresi (dak) 4<\/strong><\/li>\n<li><strong>Motor Tipi AC motorlu<\/strong><\/li>\n<li><strong>Film kal\u0131nl\u0131\u011f\u0131 (mikron) 24 ~ 250<\/strong><\/li>\n<li><strong>kontrol sistemi Mikroi\u015flemci<\/strong><\/li>\n<li><strong>Is\u0131tma y\u00f6ntemi Is\u0131tma 2 rulo s\u0131cak<\/strong><\/li>\n<li><strong>So\u011futma sistemi DC Fan (1ea)<\/strong><\/li>\n<li><strong>Geri alma Var<\/strong><\/li>\n<li><strong>Garanti 2 y\u0131l<\/strong><\/li>\n<\/ul>\n<p>&nbsp;<\/p>\n","protected":false},"excerpt":{"rendered":"<p>Max. Laminasyon H\u0131z\u0131 (mm \/ dk) 520 Max. Laminasyon Geni\u015fli\u011fi (mm) 235 Max. Ka\u011f\u0131t boyutu A4 G\u00fc\u00e7 kayna\u011f\u0131 (Volt \/ Hz) 120 ~ 240V, 50 ~ 60Hz G\u00fc\u00e7 T\u00fcketimi (W) 550 Boyutlar 405 X 205 X122 mm A\u011f\u0131rl\u0131k (kg) 3.8 Haz\u0131r S\u00fcresi (dak) 4 Motor Tipi AC motorlu Film kal\u0131nl\u0131\u011f\u0131 (mikron) 24 ~ 250 kontrol [&hellip;]<\/p>\n","protected":false},"featured_media":20165,"template":"","meta":[],"product_brand":[],"product_cat":[241],"product_tag":[242,243],"class_list":{"0":"post-20164","1":"product","2":"type-product","3":"status-publish","4":"has-post-thumbnail","6":"product_cat-laminasyon-makineleri","7":"product_tag-laminasyon-makineleri","8":"product_tag-royal-sovereign","10":"first","11":"instock","12":"taxable","13":"shipping-taxable","14":"purchasable","15":"product-type-simple"},"_links":{"self":[{"href":"https:\/\/xon.com.tr\/tur\/wp-json\/wp\/v2\/product\/20164","targetHints":{"allow":["GET"]}}],"collection":[{"href":"https:\/\/xon.com.tr\/tur\/wp-json\/wp\/v2\/product"}],"about":[{"href":"https:\/\/xon.com.tr\/tur\/wp-json\/wp\/v2\/types\/product"}],"wp:featuredmedia":[{"embeddable":true,"href":"https:\/\/xon.com.tr\/tur\/wp-json\/wp\/v2\/media\/20165"}],"wp:attachment":[{"href":"https:\/\/xon.com.tr\/tur\/wp-json\/wp\/v2\/media?parent=20164"}],"wp:term":[{"taxonomy":"product_brand","embeddable":true,"href":"https:\/\/xon.com.tr\/tur\/wp-json\/wp\/v2\/product_brand?post=20164"},{"taxonomy":"product_cat","embeddable":true,"href":"https:\/\/xon.com.tr\/tur\/wp-json\/wp\/v2\/product_cat?post=20164"},{"taxonomy":"product_tag","embeddable":true,"href":"https:\/\/xon.com.tr\/tur\/wp-json\/wp\/v2\/product_tag?post=20164"}],"curies":[{"name":"wp","href":"https:\/\/api.w.org\/{rel}","templated":true}]}}