{"id":20166,"date":"2020-12-05T15:06:20","date_gmt":"2020-12-05T12:06:20","guid":{"rendered":"https:\/\/xon.com.tr\/tur\/?post_type=product&#038;p=20166"},"modified":"2021-12-13T15:56:29","modified_gmt":"2021-12-13T12:56:29","slug":"royal-sovereign-pl-1302-a3-laminasyon-makinesi","status":"publish","type":"product","link":"https:\/\/xon.com.tr\/tur\/magaza\/laminasyon\/laminasyon-makineleri\/royal-sovereign-pl-1302-a3-laminasyon-makinesi\/","title":{"rendered":"ROYAL SOVERE\u0130GN PL 1302 A3 LAM\u0130NASYON MAK\u0130NES\u0130"},"content":{"rendered":"","protected":false},"excerpt":{"rendered":"<p>[fusion_checklist icon=&#8221;ok&#8221; iconcolor=&#8221;#aaaaaa&#8221; circle=&#8221;no&#8221;]<\/p>\n<ul>\n<li><strong>Max. Laminasyon H\u0131z\u0131 (mm \/ dk) 520<\/strong><\/li>\n<li><strong>Max. Laminasyon Geni\u015fli\u011fi (mm) 340<\/strong><\/li>\n<li><strong>Max. Ka\u011f\u0131t boyutu A3<\/strong><\/li>\n<li><strong>G\u00fc\u00e7 kayna\u011f\u0131 (Volt \/ Hz)  AC 100V. 120V. 220~240V. 50\/60Hz<\/strong><\/li>\n<li><strong>G\u00fc\u00e7 T\u00fcketimi (W) 890<\/strong><\/li>\n<li><strong>Boyutlar 530 X 205 X122 mm<\/strong><\/li>\n<li><strong>A\u011f\u0131rl\u0131k (kg) 3.8<\/strong><\/li>\n<li><strong>Haz\u0131r S\u00fcresi (dak) 4<\/strong><\/li>\n<li><strong>Motor Tipi AC motorlu<\/strong><\/li>\n<li><strong>Film kal\u0131nl\u0131\u011f\u0131 (mikron) 24 ~ 250<\/strong><\/li>\n<li><strong>kontrol sistemi Mikroi\u015flemci<\/strong><\/li>\n<li><strong>Is\u0131tma y\u00f6ntemi Is\u0131tma 2 rulo s\u0131cak<\/strong><\/li>\n<li><strong>So\u011futma sistemi DC Fan (1ea)<\/strong><\/li>\n<li><strong>Geri alma Var<\/strong><\/li>\n<li><strong>Garanti 2 y\u0131l<\/strong><\/li>\n<\/ul>\n<p>[\/fusion_checklist]<\/p>\n","protected":false},"featured_media":20165,"template":"","meta":[],"product_brand":[],"product_cat":[241],"product_tag":[242,243],"class_list":{"0":"post-20166","1":"product","2":"type-product","3":"status-publish","4":"has-post-thumbnail","6":"product_cat-laminasyon-makineleri","7":"product_tag-laminasyon-makineleri","8":"product_tag-royal-sovereign","10":"first","11":"instock","12":"taxable","13":"shipping-taxable","14":"purchasable","15":"product-type-simple"},"_links":{"self":[{"href":"https:\/\/xon.com.tr\/tur\/wp-json\/wp\/v2\/product\/20166","targetHints":{"allow":["GET"]}}],"collection":[{"href":"https:\/\/xon.com.tr\/tur\/wp-json\/wp\/v2\/product"}],"about":[{"href":"https:\/\/xon.com.tr\/tur\/wp-json\/wp\/v2\/types\/product"}],"wp:featuredmedia":[{"embeddable":true,"href":"https:\/\/xon.com.tr\/tur\/wp-json\/wp\/v2\/media\/20165"}],"wp:attachment":[{"href":"https:\/\/xon.com.tr\/tur\/wp-json\/wp\/v2\/media?parent=20166"}],"wp:term":[{"taxonomy":"product_brand","embeddable":true,"href":"https:\/\/xon.com.tr\/tur\/wp-json\/wp\/v2\/product_brand?post=20166"},{"taxonomy":"product_cat","embeddable":true,"href":"https:\/\/xon.com.tr\/tur\/wp-json\/wp\/v2\/product_cat?post=20166"},{"taxonomy":"product_tag","embeddable":true,"href":"https:\/\/xon.com.tr\/tur\/wp-json\/wp\/v2\/product_tag?post=20166"}],"curies":[{"name":"wp","href":"https:\/\/api.w.org\/{rel}","templated":true}]}}