{"id":20171,"date":"2020-12-05T15:16:41","date_gmt":"2020-12-05T12:16:41","guid":{"rendered":"https:\/\/xon.com.tr\/tur\/?post_type=product&#038;p=20171"},"modified":"2021-12-13T15:55:24","modified_gmt":"2021-12-13T12:55:24","slug":"xon-32-p-laminasyon-makinesi","status":"publish","type":"product","link":"https:\/\/xon.com.tr\/tur\/magaza\/laminasyon\/laminasyon-makineleri\/xon-32-p-laminasyon-makinesi\/","title":{"rendered":"XON 32 P LAM\u0130NASYON MAK\u0130NES\u0130"},"content":{"rendered":"","protected":false},"excerpt":{"rendered":"<p>[fusion_checklist icon=&#8221;ok&#8221; iconcolor=&#8221;#aaaaaa&#8221; circle=&#8221;no&#8221;]<\/p>\n<ul>\n<li><strong>Max.Kaplama Geni\u015fli\u011fi : 320 mm.<\/strong><\/li>\n<li><strong>Kaplama H\u0131z\u0131 : 650 mm\/dk.<\/strong><\/li>\n<li><strong>Laminasyon Kal\u0131nl\u0131\u011f\u0131 : 1 mm.<\/strong><\/li>\n<li><strong>Is\u0131tma Sistemi : Rulo (D\u0131\u015ftan Is\u0131tma)<\/strong><\/li>\n<li><strong>Merdane Say\u0131s\u0131 : 4<\/strong><\/li>\n<li><strong>Is\u0131nma S\u00fcresi : 5 dk.<\/strong><\/li>\n<li><strong>\u00c7al\u0131\u015fma Is\u0131s\u0131 : 0-140 C<\/strong><\/li>\n<li><strong>Voltaj : AC 110- 240 V (50\/60Hz)<\/strong><\/li>\n<li><strong>Elektrik T\u00fcketimi : 560 W<\/strong><\/li>\n<li><strong>\u00d6l\u00e7\u00fcler : 500x200x110 mm.<\/strong><\/li>\n<li><strong>A\u011f\u0131rl\u0131k : 8 Kg.<\/strong><\/li>\n<li><strong>Garanti : 2 Y\u0131l<\/strong><\/li>\n<li><strong>*H\u0131z ve s\u0131cakl\u0131k kontrol\u00fc<\/strong><\/li>\n<li><strong>*\u0130leri-geri fonksiyonu<\/strong><\/li>\n<\/ul>\n<p>[\/fusion_checklist]<\/p>\n","protected":false},"featured_media":20172,"template":"","meta":[],"product_brand":[],"product_cat":[241],"product_tag":[242,128],"class_list":{"0":"post-20171","1":"product","2":"type-product","3":"status-publish","4":"has-post-thumbnail","6":"product_cat-laminasyon-makineleri","7":"product_tag-laminasyon-makineleri","8":"product_tag-xon","10":"first","11":"instock","12":"taxable","13":"shipping-taxable","14":"purchasable","15":"product-type-simple"},"_links":{"self":[{"href":"https:\/\/xon.com.tr\/tur\/wp-json\/wp\/v2\/product\/20171","targetHints":{"allow":["GET"]}}],"collection":[{"href":"https:\/\/xon.com.tr\/tur\/wp-json\/wp\/v2\/product"}],"about":[{"href":"https:\/\/xon.com.tr\/tur\/wp-json\/wp\/v2\/types\/product"}],"wp:featuredmedia":[{"embeddable":true,"href":"https:\/\/xon.com.tr\/tur\/wp-json\/wp\/v2\/media\/20172"}],"wp:attachment":[{"href":"https:\/\/xon.com.tr\/tur\/wp-json\/wp\/v2\/media?parent=20171"}],"wp:term":[{"taxonomy":"product_brand","embeddable":true,"href":"https:\/\/xon.com.tr\/tur\/wp-json\/wp\/v2\/product_brand?post=20171"},{"taxonomy":"product_cat","embeddable":true,"href":"https:\/\/xon.com.tr\/tur\/wp-json\/wp\/v2\/product_cat?post=20171"},{"taxonomy":"product_tag","embeddable":true,"href":"https:\/\/xon.com.tr\/tur\/wp-json\/wp\/v2\/product_tag?post=20171"}],"curies":[{"name":"wp","href":"https:\/\/api.w.org\/{rel}","templated":true}]}}