{"id":20186,"date":"2020-12-05T15:38:32","date_gmt":"2020-12-05T12:38:32","guid":{"rendered":"https:\/\/xon.com.tr\/tur\/?post_type=product&#038;p=20186"},"modified":"2021-12-13T15:51:12","modified_gmt":"2021-12-13T12:51:12","slug":"sky-490-r6-laminasyon-makinesi","status":"publish","type":"product","link":"https:\/\/xon.com.tr\/tur\/magaza\/laminasyon\/laminasyon-makineleri\/sky-490-r6-laminasyon-makinesi\/","title":{"rendered":"SKY 490 R6 LAM\u0130NASYON MAK\u0130NES\u0130"},"content":{"rendered":"","protected":false},"excerpt":{"rendered":"<p>[fusion_checklist icon=&#8221;ok&#8221; iconcolor=&#8221;#aaaaaa&#8221; circle=&#8221;no&#8221;]<\/p>\n<ul>\n<li><strong>Max.Kaplama Geni\u015fli\u011fi            :  490  mm.<\/strong><\/li>\n<li><strong>Kaplama H\u0131z\u0131                           :  1150 mm\/dk.<\/strong><\/li>\n<li><strong>Laminasyon Kal\u0131nl\u0131\u011f\u0131               :  3 mm.<\/strong><\/li>\n<li><strong>Is\u0131tma Sistemi                         : Rulo (\u0130\u00e7ten Is\u0131tma)<\/strong><\/li>\n<li><strong>Merdane Say\u0131s\u0131                        :  6<\/strong><\/li>\n<li><strong>S\u0131cakl\u0131k kontrol\u00fc                     :  Evet<\/strong><\/li>\n<li><strong>H\u0131z Kontrol\u00fc                            :  Evet<\/strong><\/li>\n<li><strong>\u0130leri Geri Fonksiyonu               :  Evet<\/strong><\/li>\n<li><strong>Is\u0131nma S\u00fcresi                          : 5 dk.<\/strong><\/li>\n<li><strong>\u00c7al\u0131\u015fma Is\u0131s\u0131                            : 0-140 C<\/strong><\/li>\n<li><strong>Voltaj                                      : AC 100, 110, 120, 220,230,24OV (50\/60Hz)<\/strong><\/li>\n<li><strong>Elektrik T\u00fcketimi                     : 1200 W<\/strong><\/li>\n<li><strong>\u00d6l\u00e7\u00fcler                                    : 651 X 271 X 130 mm<\/strong><\/li>\n<li><strong>A\u011f\u0131rl\u0131k                                     : 22 Kg.<\/strong><\/li>\n<li><strong>Garanti                                   :  2 Y\u0131l<\/strong><\/li>\n<\/ul>\n<p>[\/fusion_checklist]<\/p>\n","protected":false},"featured_media":20187,"template":"","meta":[],"product_brand":[],"product_cat":[241],"product_tag":[242,244],"class_list":{"0":"post-20186","1":"product","2":"type-product","3":"status-publish","4":"has-post-thumbnail","6":"product_cat-laminasyon-makineleri","7":"product_tag-laminasyon-makineleri","8":"product_tag-sky","10":"first","11":"instock","12":"taxable","13":"shipping-taxable","14":"purchasable","15":"product-type-simple"},"_links":{"self":[{"href":"https:\/\/xon.com.tr\/tur\/wp-json\/wp\/v2\/product\/20186","targetHints":{"allow":["GET"]}}],"collection":[{"href":"https:\/\/xon.com.tr\/tur\/wp-json\/wp\/v2\/product"}],"about":[{"href":"https:\/\/xon.com.tr\/tur\/wp-json\/wp\/v2\/types\/product"}],"wp:featuredmedia":[{"embeddable":true,"href":"https:\/\/xon.com.tr\/tur\/wp-json\/wp\/v2\/media\/20187"}],"wp:attachment":[{"href":"https:\/\/xon.com.tr\/tur\/wp-json\/wp\/v2\/media?parent=20186"}],"wp:term":[{"taxonomy":"product_brand","embeddable":true,"href":"https:\/\/xon.com.tr\/tur\/wp-json\/wp\/v2\/product_brand?post=20186"},{"taxonomy":"product_cat","embeddable":true,"href":"https:\/\/xon.com.tr\/tur\/wp-json\/wp\/v2\/product_cat?post=20186"},{"taxonomy":"product_tag","embeddable":true,"href":"https:\/\/xon.com.tr\/tur\/wp-json\/wp\/v2\/product_tag?post=20186"}],"curies":[{"name":"wp","href":"https:\/\/api.w.org\/{rel}","templated":true}]}}