{"id":20192,"date":"2020-12-05T15:49:59","date_gmt":"2020-12-05T12:49:59","guid":{"rendered":"https:\/\/xon.com.tr\/tur\/?post_type=product&#038;p=20192"},"modified":"2020-12-05T15:52:16","modified_gmt":"2020-12-05T12:52:16","slug":"xon-110-w-rulo-laminasyon-makinesi","status":"publish","type":"product","link":"https:\/\/xon.com.tr\/tur\/magaza\/laminasyon\/laminasyon-makineleri\/xon-110-w-rulo-laminasyon-makinesi\/","title":{"rendered":"XON 110 W RULO LAM\u0130NASYON MAK\u0130NES\u0130"},"content":{"rendered":"","protected":false},"excerpt":{"rendered":"<p>[fusion_checklist icon=&#8221;ok&#8221; iconcolor=&#8221;#aaaaaa&#8221; circle=&#8221;no&#8221;]<\/p>\n<ul>\n<li><strong>1050 mm enine kadar rulo laminasyon<\/strong><\/li>\n<li><strong>5-12 mm e kadar laminasyon kal\u0131nl\u0131k ayar\u0131<\/strong><\/li>\n<li><strong>Fotoblok montaj \u00f6zelli\u011fi<\/strong><\/li>\n<li><strong>S\u0131cak \u2013 so\u011fuk laminasyon \u00f6zelli\u011fi<\/strong><\/li>\n<li><strong>LCD kontrol panel ve h\u0131z s\u0131cakl\u0131k g\u00f6stergesi<\/strong><\/li>\n<li><strong>Gerginlik kontrol \u00f6zelli\u011fi<\/strong><\/li>\n<li><strong>Boyutlar: 450mm x  1285 mm x 285mm<\/strong><\/li>\n<li><strong>Garanti : 2 Y\u0131l<\/strong><\/li>\n<\/ul>\n<p>[\/fusion_checklist]<\/p>\n","protected":false},"featured_media":20193,"template":"","meta":[],"product_brand":[],"product_cat":[241],"product_tag":[242,128],"class_list":{"0":"post-20192","1":"product","2":"type-product","3":"status-publish","4":"has-post-thumbnail","6":"product_cat-laminasyon-makineleri","7":"product_tag-laminasyon-makineleri","8":"product_tag-xon","10":"first","11":"instock","12":"taxable","13":"shipping-taxable","14":"purchasable","15":"product-type-simple"},"_links":{"self":[{"href":"https:\/\/xon.com.tr\/tur\/wp-json\/wp\/v2\/product\/20192","targetHints":{"allow":["GET"]}}],"collection":[{"href":"https:\/\/xon.com.tr\/tur\/wp-json\/wp\/v2\/product"}],"about":[{"href":"https:\/\/xon.com.tr\/tur\/wp-json\/wp\/v2\/types\/product"}],"wp:featuredmedia":[{"embeddable":true,"href":"https:\/\/xon.com.tr\/tur\/wp-json\/wp\/v2\/media\/20193"}],"wp:attachment":[{"href":"https:\/\/xon.com.tr\/tur\/wp-json\/wp\/v2\/media?parent=20192"}],"wp:term":[{"taxonomy":"product_brand","embeddable":true,"href":"https:\/\/xon.com.tr\/tur\/wp-json\/wp\/v2\/product_brand?post=20192"},{"taxonomy":"product_cat","embeddable":true,"href":"https:\/\/xon.com.tr\/tur\/wp-json\/wp\/v2\/product_cat?post=20192"},{"taxonomy":"product_tag","embeddable":true,"href":"https:\/\/xon.com.tr\/tur\/wp-json\/wp\/v2\/product_tag?post=20192"}],"curies":[{"name":"wp","href":"https:\/\/api.w.org\/{rel}","templated":true}]}}