{"id":20194,"date":"2020-12-05T15:52:28","date_gmt":"2020-12-05T12:52:28","guid":{"rendered":"https:\/\/xon.com.tr\/tur\/?post_type=product&#038;p=20194"},"modified":"2020-12-05T15:55:08","modified_gmt":"2020-12-05T12:55:08","slug":"xon-silver-1650c-soguk-rulo-lam-mak","status":"publish","type":"product","link":"https:\/\/xon.com.tr\/tur\/magaza\/laminasyon\/laminasyon-makineleri\/xon-silver-1650c-soguk-rulo-lam-mak\/","title":{"rendered":"XON SILVER 1650C SO\u011eUK RULO LAM. MAK."},"content":{"rendered":"","protected":false},"excerpt":{"rendered":"<p>[fusion_checklist icon=&#8221;ok&#8221; iconcolor=&#8221;#aaaaaa&#8221; circle=&#8221;no&#8221;]<\/p>\n<ul>\n<li><strong>Max Laminasyon Geni\u015fli\u011fi : 1620mm<\/strong><\/li>\n<li><strong>Max Laminasyon Kal\u0131nl\u0131\u011f\u0131         20mm<\/strong><\/li>\n<li><strong>Max H\u0131z                                     7m \/ dk<\/strong><\/li>\n<li><strong>Azami S\u0131cakl\u0131k                           ~ 60 \u2103<\/strong><\/li>\n<li><strong>Silindir Y\u00fckseltme                : Pn\u00f6matik (Haval\u0131)<\/strong><\/li>\n<li><strong>\u00d6n Is\u0131nma S\u00fcresi                  :  10-15<\/strong><\/li>\n<li><strong>G\u00fc\u00e7 giri\u015fi                                :  0.8-1.0kw \/ h<\/strong><\/li>\n<li><strong>Volt                                         : 110 \/ 220V<\/strong><\/li>\n<li><strong>A\u011f\u0131rl\u0131k                                     :  200kg<\/strong><\/li>\n<li><strong>Makine Ebad\u0131                        : 2100 * 700 * 1300mm<\/strong><\/li>\n<li><strong>Garanti                                   : 2 Y\u0131l<\/strong><\/li>\n<\/ul>\n<p>[\/fusion_checklist]<\/p>\n","protected":false},"featured_media":20195,"template":"","meta":[],"product_brand":[],"product_cat":[241],"product_tag":[242,128],"class_list":{"0":"post-20194","1":"product","2":"type-product","3":"status-publish","4":"has-post-thumbnail","6":"product_cat-laminasyon-makineleri","7":"product_tag-laminasyon-makineleri","8":"product_tag-xon","10":"first","11":"instock","12":"taxable","13":"shipping-taxable","14":"purchasable","15":"product-type-simple"},"_links":{"self":[{"href":"https:\/\/xon.com.tr\/tur\/wp-json\/wp\/v2\/product\/20194","targetHints":{"allow":["GET"]}}],"collection":[{"href":"https:\/\/xon.com.tr\/tur\/wp-json\/wp\/v2\/product"}],"about":[{"href":"https:\/\/xon.com.tr\/tur\/wp-json\/wp\/v2\/types\/product"}],"wp:featuredmedia":[{"embeddable":true,"href":"https:\/\/xon.com.tr\/tur\/wp-json\/wp\/v2\/media\/20195"}],"wp:attachment":[{"href":"https:\/\/xon.com.tr\/tur\/wp-json\/wp\/v2\/media?parent=20194"}],"wp:term":[{"taxonomy":"product_brand","embeddable":true,"href":"https:\/\/xon.com.tr\/tur\/wp-json\/wp\/v2\/product_brand?post=20194"},{"taxonomy":"product_cat","embeddable":true,"href":"https:\/\/xon.com.tr\/tur\/wp-json\/wp\/v2\/product_cat?post=20194"},{"taxonomy":"product_tag","embeddable":true,"href":"https:\/\/xon.com.tr\/tur\/wp-json\/wp\/v2\/product_tag?post=20194"}],"curies":[{"name":"wp","href":"https:\/\/api.w.org\/{rel}","templated":true}]}}