{"id":20196,"date":"2020-12-05T15:55:21","date_gmt":"2020-12-05T12:55:21","guid":{"rendered":"https:\/\/xon.com.tr\/tur\/?post_type=product&#038;p=20196"},"modified":"2020-12-05T15:57:44","modified_gmt":"2020-12-05T12:57:44","slug":"xon-diamond-1700-rulo-lam-mak","status":"publish","type":"product","link":"https:\/\/xon.com.tr\/tur\/magaza\/laminasyon\/laminasyon-makineleri\/xon-diamond-1700-rulo-lam-mak\/","title":{"rendered":"XON DIAMOND 1700 RULO LAM.MAK."},"content":{"rendered":"","protected":false},"excerpt":{"rendered":"<p>[fusion_checklist icon=&#8221;ok&#8221; iconcolor=&#8221;#aaaaaa&#8221; circle=&#8221;no&#8221;]<\/p>\n<ul>\n<li><strong>Maxsimum Geni\u015flik   :   1620 mm.<\/strong><\/li>\n<li><strong>Maxsimum Kal\u0131nl\u0131k    :   40 mm.<\/strong><\/li>\n<li><strong>H\u0131z                                  :   0-6m.\/dk.<\/strong><\/li>\n<li><strong>S\u0131cakl\u0131k Aral\u0131\u011f\u0131            :   150 C<\/strong><\/li>\n<li><strong>Kald\u0131rma                      :   Tek Tarafl\u0131<\/strong><\/li>\n<li><strong>Merdane Hareketi      :   Otomatik(Pn\u00f6matik)<\/strong><\/li>\n<li><strong>Is\u0131tma                            :   K\u0131z\u0131l\u00f6tesi<\/strong><\/li>\n<li><strong>\u00d6n Is\u0131tma S\u00fcresi        :   5-10 dak.<\/strong><\/li>\n<li><strong>Nominal Giri\u015f G\u00fcc\u00fc  :   4300 w<\/strong><\/li>\n<li><strong>G\u00fc\u00e7                               :   0.8-1.0kw\/h<\/strong><\/li>\n<li><strong>Nominal Giri\u015f Ger.    :   110\/220w<\/strong><\/li>\n<li><strong>A\u011f\u0131rl\u0131k                          :   350 kg.   <\/strong><\/li>\n<li><strong>\u00d6l\u00e7\u00fcler                         :   216x70x71cm.<\/strong><\/li>\n<li><strong>Garanti                         : 2 y\u0131l<\/strong><\/li>\n<\/ul>\n<p>[\/fusion_checklist]<\/p>\n","protected":false},"featured_media":20197,"template":"","meta":[],"product_brand":[],"product_cat":[241],"product_tag":[242,128],"class_list":{"0":"post-20196","1":"product","2":"type-product","3":"status-publish","4":"has-post-thumbnail","6":"product_cat-laminasyon-makineleri","7":"product_tag-laminasyon-makineleri","8":"product_tag-xon","10":"first","11":"instock","12":"taxable","13":"shipping-taxable","14":"purchasable","15":"product-type-simple"},"_links":{"self":[{"href":"https:\/\/xon.com.tr\/tur\/wp-json\/wp\/v2\/product\/20196","targetHints":{"allow":["GET"]}}],"collection":[{"href":"https:\/\/xon.com.tr\/tur\/wp-json\/wp\/v2\/product"}],"about":[{"href":"https:\/\/xon.com.tr\/tur\/wp-json\/wp\/v2\/types\/product"}],"wp:featuredmedia":[{"embeddable":true,"href":"https:\/\/xon.com.tr\/tur\/wp-json\/wp\/v2\/media\/20197"}],"wp:attachment":[{"href":"https:\/\/xon.com.tr\/tur\/wp-json\/wp\/v2\/media?parent=20196"}],"wp:term":[{"taxonomy":"product_brand","embeddable":true,"href":"https:\/\/xon.com.tr\/tur\/wp-json\/wp\/v2\/product_brand?post=20196"},{"taxonomy":"product_cat","embeddable":true,"href":"https:\/\/xon.com.tr\/tur\/wp-json\/wp\/v2\/product_cat?post=20196"},{"taxonomy":"product_tag","embeddable":true,"href":"https:\/\/xon.com.tr\/tur\/wp-json\/wp\/v2\/product_tag?post=20196"}],"curies":[{"name":"wp","href":"https:\/\/api.w.org\/{rel}","templated":true}]}}