{"id":20234,"date":"2020-12-05T18:47:21","date_gmt":"2020-12-05T15:47:21","guid":{"rendered":"https:\/\/xon.com.tr\/tur\/?post_type=product&#038;p=20234"},"modified":"2020-12-05T18:47:47","modified_gmt":"2020-12-05T15:47:47","slug":"xon-150-mic-350x500-matt-lam-filmi","status":"publish","type":"product","link":"https:\/\/xon.com.tr\/tur\/magaza\/laminasyon\/laminasyon-malzemeleri\/xon-150-mic-350x500-matt-lam-filmi\/","title":{"rendered":"XON 150 M\u0130C.350X500 MATT.LAM.F\u0130LM\u0130"},"content":{"rendered":"","protected":false},"excerpt":{"rendered":"<p><strong>PAKET \/ AD 100<\/strong><\/p>\n","protected":false},"featured_media":20199,"template":"","meta":[],"product_brand":[],"product_cat":[247],"product_tag":[248,128],"class_list":{"0":"post-20234","1":"product","2":"type-product","3":"status-publish","4":"has-post-thumbnail","6":"product_cat-laminasyon-malzemeleri","7":"product_tag-laminasyon-malzemeleri","8":"product_tag-xon","10":"first","11":"instock","12":"taxable","13":"shipping-taxable","14":"purchasable","15":"product-type-simple"},"_links":{"self":[{"href":"https:\/\/xon.com.tr\/tur\/wp-json\/wp\/v2\/product\/20234","targetHints":{"allow":["GET"]}}],"collection":[{"href":"https:\/\/xon.com.tr\/tur\/wp-json\/wp\/v2\/product"}],"about":[{"href":"https:\/\/xon.com.tr\/tur\/wp-json\/wp\/v2\/types\/product"}],"wp:featuredmedia":[{"embeddable":true,"href":"https:\/\/xon.com.tr\/tur\/wp-json\/wp\/v2\/media\/20199"}],"wp:attachment":[{"href":"https:\/\/xon.com.tr\/tur\/wp-json\/wp\/v2\/media?parent=20234"}],"wp:term":[{"taxonomy":"product_brand","embeddable":true,"href":"https:\/\/xon.com.tr\/tur\/wp-json\/wp\/v2\/product_brand?post=20234"},{"taxonomy":"product_cat","embeddable":true,"href":"https:\/\/xon.com.tr\/tur\/wp-json\/wp\/v2\/product_cat?post=20234"},{"taxonomy":"product_tag","embeddable":true,"href":"https:\/\/xon.com.tr\/tur\/wp-json\/wp\/v2\/product_tag?post=20234"}],"curies":[{"name":"wp","href":"https:\/\/api.w.org\/{rel}","templated":true}]}}