{"id":20268,"date":"2020-12-05T20:46:46","date_gmt":"2020-12-05T17:46:46","guid":{"rendered":"https:\/\/xon.com.tr\/tur\/?post_type=product&#038;p=20268"},"modified":"2020-12-05T20:49:08","modified_gmt":"2020-12-05T17:49:08","slug":"xon-22-mic-330x1250-parlak-selefon","status":"publish","type":"product","link":"https:\/\/xon.com.tr\/tur\/magaza\/laminasyon\/selefon-malzemeleri\/xon-22-mic-330x1250-parlak-selefon\/","title":{"rendered":"XON 22 M\u0130C.330X1250 PARLAK SELEFON"},"content":{"rendered":"","protected":false},"excerpt":{"rendered":"<p>[fusion_checklist icon=&#8221;ok&#8221; iconcolor=&#8221;#aaaaaa&#8221; circle=&#8221;no&#8221;]<\/p>\n<ul>\n<li><strong>330 CM.GEN\u0130\u015eL\u0130K 1250 METRE UZUNLUK<\/strong><\/li>\n<\/ul>\n<p>[\/fusion_checklist]<\/p>\n","protected":false},"featured_media":20269,"template":"","meta":[],"product_brand":[],"product_cat":[251],"product_tag":[252,128],"class_list":{"0":"post-20268","1":"product","2":"type-product","3":"status-publish","4":"has-post-thumbnail","6":"product_cat-selefon-malzemeleri","7":"product_tag-selefon-malzemeleri","8":"product_tag-xon","10":"first","11":"instock","12":"taxable","13":"shipping-taxable","14":"purchasable","15":"product-type-simple"},"_links":{"self":[{"href":"https:\/\/xon.com.tr\/tur\/wp-json\/wp\/v2\/product\/20268","targetHints":{"allow":["GET"]}}],"collection":[{"href":"https:\/\/xon.com.tr\/tur\/wp-json\/wp\/v2\/product"}],"about":[{"href":"https:\/\/xon.com.tr\/tur\/wp-json\/wp\/v2\/types\/product"}],"wp:featuredmedia":[{"embeddable":true,"href":"https:\/\/xon.com.tr\/tur\/wp-json\/wp\/v2\/media\/20269"}],"wp:attachment":[{"href":"https:\/\/xon.com.tr\/tur\/wp-json\/wp\/v2\/media?parent=20268"}],"wp:term":[{"taxonomy":"product_brand","embeddable":true,"href":"https:\/\/xon.com.tr\/tur\/wp-json\/wp\/v2\/product_brand?post=20268"},{"taxonomy":"product_cat","embeddable":true,"href":"https:\/\/xon.com.tr\/tur\/wp-json\/wp\/v2\/product_cat?post=20268"},{"taxonomy":"product_tag","embeddable":true,"href":"https:\/\/xon.com.tr\/tur\/wp-json\/wp\/v2\/product_tag?post=20268"}],"curies":[{"name":"wp","href":"https:\/\/api.w.org\/{rel}","templated":true}]}}