{"id":20280,"date":"2020-12-05T21:19:18","date_gmt":"2020-12-05T18:19:18","guid":{"rendered":"https:\/\/xon.com.tr\/tur\/?post_type=product&#038;p=20280"},"modified":"2023-03-01T19:56:11","modified_gmt":"2023-03-01T16:56:11","slug":"xon-safir-tel-spiral-cilt-makinesi","status":"publish","type":"product","link":"https:\/\/xon.com.tr\/tur\/magaza\/ciltleme\/tel-spiral-makineleri\/xon-safir-tel-spiral-cilt-makinesi\/","title":{"rendered":"XON SAF\u0130R TEL SP\u0130RAL C\u0130LT MAK\u0130NES\u0130"},"content":{"rendered":"","protected":false},"excerpt":{"rendered":"<ul>\n<li><strong>3:1 Sistem Tel Spiral Cilt Makinesidir.<\/strong><\/li>\n<li><strong>3\/16 in\u00e7 &#8211; 9\/16 in\u00e7 aral\u0131\u011f\u0131 Tel Ciltlemelerde Kullan\u0131l\u0131r.<\/strong><\/li>\n<li><strong>Ki\u015fisel Kullan\u0131ma Uygun Metal G\u00f6vdeli Cilt makinesi.<\/strong><\/li>\n<\/ul>\n<p>&nbsp;<\/p>\n<ul>\n<li><strong>Max.Delme Kapasitesi : 12 Yaprak (80gr.)<\/strong><\/li>\n<li><strong>Max.Ciltleme Kapasitesi : 120 Yaprak (14,3 mm Tel Spr.)<\/strong><\/li>\n<li><strong>Marj Ayarlama Aral\u0131\u011f\u0131 : 2.5\/4.5\/6.5 mm.<\/strong><\/li>\n<li><strong>Delik Aral\u0131\u011f\u0131 : 8,47 mm.<\/strong><\/li>\n<li><strong>Delik \u00d6zelli\u011fi : 4&#215;4 mm. Kare<\/strong><\/li>\n<li><strong>A\u011f\u0131rl\u0131k : 5,8 kg.<\/strong><\/li>\n<li><strong>\u00d6l\u00e7\u00fcler : 780x450x300 mm.<\/strong><\/li>\n<li><strong>Garanti : 2 Y\u0131l<\/strong><\/li>\n<\/ul>\n<p>[\/fusion_checklist]<\/p>\n","protected":false},"featured_media":20281,"template":"","meta":[],"product_brand":[],"product_cat":[253],"product_tag":[254,128],"class_list":{"0":"post-20280","1":"product","2":"type-product","3":"status-publish","4":"has-post-thumbnail","6":"product_cat-tel-spiral-makineleri","7":"product_tag-tel-spiral-cilt-makineleri","8":"product_tag-xon","10":"first","11":"instock","12":"taxable","13":"shipping-taxable","14":"purchasable","15":"product-type-simple"},"_links":{"self":[{"href":"https:\/\/xon.com.tr\/tur\/wp-json\/wp\/v2\/product\/20280","targetHints":{"allow":["GET"]}}],"collection":[{"href":"https:\/\/xon.com.tr\/tur\/wp-json\/wp\/v2\/product"}],"about":[{"href":"https:\/\/xon.com.tr\/tur\/wp-json\/wp\/v2\/types\/product"}],"wp:featuredmedia":[{"embeddable":true,"href":"https:\/\/xon.com.tr\/tur\/wp-json\/wp\/v2\/media\/20281"}],"wp:attachment":[{"href":"https:\/\/xon.com.tr\/tur\/wp-json\/wp\/v2\/media?parent=20280"}],"wp:term":[{"taxonomy":"product_brand","embeddable":true,"href":"https:\/\/xon.com.tr\/tur\/wp-json\/wp\/v2\/product_brand?post=20280"},{"taxonomy":"product_cat","embeddable":true,"href":"https:\/\/xon.com.tr\/tur\/wp-json\/wp\/v2\/product_cat?post=20280"},{"taxonomy":"product_tag","embeddable":true,"href":"https:\/\/xon.com.tr\/tur\/wp-json\/wp\/v2\/product_tag?post=20280"}],"curies":[{"name":"wp","href":"https:\/\/api.w.org\/{rel}","templated":true}]}}