{"id":20284,"date":"2020-12-05T21:29:46","date_gmt":"2020-12-05T18:29:46","guid":{"rendered":"https:\/\/xon.com.tr\/tur\/?post_type=product&#038;p=20284"},"modified":"2023-03-01T19:55:56","modified_gmt":"2023-03-01T16:55:56","slug":"xon-quartz-tel-spiral-cilt-makinesi","status":"publish","type":"product","link":"https:\/\/xon.com.tr\/tur\/magaza\/ciltleme\/tel-spiral-makineleri\/xon-quartz-tel-spiral-cilt-makinesi\/","title":{"rendered":"XON QUARTZ TEL SP\u0130RAL C\u0130LT MAK\u0130NES\u0130"},"content":{"rendered":"","protected":false},"excerpt":{"rendered":"<p>&nbsp;<\/p>\n<ul>\n<li><strong>3:1 S\u0130STEM <\/strong><\/li>\n<li><strong>Max. Delme Kapasitesi (70-80g ka\u011f\u0131t) 20 yaprak<\/strong><\/li>\n<li><strong>Max. Ciltmeme Kapasitesi (70-80g ka\u011f\u0131t) 120 yaprak (3\/16 in\u00e7-9\/16 in\u00e7)<\/strong><\/li>\n<li><strong>Uygun ka\u011f\u0131t boyutu A4 ebad\u0131<\/strong><\/li>\n<li><strong>Ka\u011f\u0131t marj\u0131 (MM) 2.5\/4.5\/6.5<\/strong><\/li>\n<li><strong>Delik miktar\u0131 (pc) 34<\/strong><\/li>\n<li><strong>Delik mesafesi (MM) 8.47<\/strong><\/li>\n<li><strong>Delik b\u00fcy\u00fckl\u00fc\u011f\u00fc (MM) 4X4<\/strong><\/li>\n<li><strong>Makine boyutu (MM) 370X290X160<\/strong><\/li>\n<li><strong>N.W.\/G.W(KGS) 7,1<\/strong><\/li>\n<li><strong>Garanti 2 y\u0131l<\/strong><\/li>\n<\/ul>\n<p>&nbsp;<\/p>\n","protected":false},"featured_media":20285,"template":"","meta":[],"product_brand":[],"product_cat":[253],"product_tag":[254,128],"class_list":{"0":"post-20284","1":"product","2":"type-product","3":"status-publish","4":"has-post-thumbnail","6":"product_cat-tel-spiral-makineleri","7":"product_tag-tel-spiral-cilt-makineleri","8":"product_tag-xon","10":"first","11":"instock","12":"taxable","13":"shipping-taxable","14":"purchasable","15":"product-type-simple"},"_links":{"self":[{"href":"https:\/\/xon.com.tr\/tur\/wp-json\/wp\/v2\/product\/20284","targetHints":{"allow":["GET"]}}],"collection":[{"href":"https:\/\/xon.com.tr\/tur\/wp-json\/wp\/v2\/product"}],"about":[{"href":"https:\/\/xon.com.tr\/tur\/wp-json\/wp\/v2\/types\/product"}],"wp:featuredmedia":[{"embeddable":true,"href":"https:\/\/xon.com.tr\/tur\/wp-json\/wp\/v2\/media\/20285"}],"wp:attachment":[{"href":"https:\/\/xon.com.tr\/tur\/wp-json\/wp\/v2\/media?parent=20284"}],"wp:term":[{"taxonomy":"product_brand","embeddable":true,"href":"https:\/\/xon.com.tr\/tur\/wp-json\/wp\/v2\/product_brand?post=20284"},{"taxonomy":"product_cat","embeddable":true,"href":"https:\/\/xon.com.tr\/tur\/wp-json\/wp\/v2\/product_cat?post=20284"},{"taxonomy":"product_tag","embeddable":true,"href":"https:\/\/xon.com.tr\/tur\/wp-json\/wp\/v2\/product_tag?post=20284"}],"curies":[{"name":"wp","href":"https:\/\/api.w.org\/{rel}","templated":true}]}}