{"id":20288,"date":"2020-12-05T21:34:28","date_gmt":"2020-12-05T18:34:28","guid":{"rendered":"https:\/\/xon.com.tr\/tur\/?post_type=product&#038;p=20288"},"modified":"2023-03-01T19:55:26","modified_gmt":"2023-03-01T16:55:26","slug":"xon-major-tel-spiral-cilt-makinesi","status":"publish","type":"product","link":"https:\/\/xon.com.tr\/tur\/magaza\/ciltleme\/tel-spiral-makineleri\/xon-major-tel-spiral-cilt-makinesi\/","title":{"rendered":"XON MAJOR TEL SP\u0130RAL C\u0130LT MAK\u0130NES\u0130"},"content":{"rendered":"","protected":false},"excerpt":{"rendered":"<p>&nbsp;<\/p>\n<ul>\n<li><strong>2:1 S\u0130STEM<\/strong><\/li>\n<li><strong>Maksimum Delme Kapasitesi : 20 yaprak ( 80gr.)<\/strong><\/li>\n<li><strong>Maksimum Ciltleme Kal\u0131nl\u0131\u011f\u0131 : 360 yaprak (32 mm.)<\/strong><\/li>\n<li><strong>Min&amp;Maksimum Sipiral \u00d6l\u00e7\u00fcs\u00fc: 5\/8-1 1\/2<\/strong><\/li>\n<li><strong>A\u011frl\u0131k : 17kg.<\/strong><\/li>\n<li><strong>\u00d6l\u00e7\u00fcler : 425x320x220 mm<\/strong><\/li>\n<li><strong>Garanti : 2 y\u0131l<\/strong><\/li>\n<\/ul>\n<p>&nbsp;<\/p>\n","protected":false},"featured_media":20289,"template":"","meta":[],"product_brand":[],"product_cat":[253],"product_tag":[254,128],"class_list":{"0":"post-20288","1":"product","2":"type-product","3":"status-publish","4":"has-post-thumbnail","6":"product_cat-tel-spiral-makineleri","7":"product_tag-tel-spiral-cilt-makineleri","8":"product_tag-xon","10":"first","11":"instock","12":"taxable","13":"shipping-taxable","14":"purchasable","15":"product-type-simple"},"_links":{"self":[{"href":"https:\/\/xon.com.tr\/tur\/wp-json\/wp\/v2\/product\/20288","targetHints":{"allow":["GET"]}}],"collection":[{"href":"https:\/\/xon.com.tr\/tur\/wp-json\/wp\/v2\/product"}],"about":[{"href":"https:\/\/xon.com.tr\/tur\/wp-json\/wp\/v2\/types\/product"}],"wp:featuredmedia":[{"embeddable":true,"href":"https:\/\/xon.com.tr\/tur\/wp-json\/wp\/v2\/media\/20289"}],"wp:attachment":[{"href":"https:\/\/xon.com.tr\/tur\/wp-json\/wp\/v2\/media?parent=20288"}],"wp:term":[{"taxonomy":"product_brand","embeddable":true,"href":"https:\/\/xon.com.tr\/tur\/wp-json\/wp\/v2\/product_brand?post=20288"},{"taxonomy":"product_cat","embeddable":true,"href":"https:\/\/xon.com.tr\/tur\/wp-json\/wp\/v2\/product_cat?post=20288"},{"taxonomy":"product_tag","embeddable":true,"href":"https:\/\/xon.com.tr\/tur\/wp-json\/wp\/v2\/product_tag?post=20288"}],"curies":[{"name":"wp","href":"https:\/\/api.w.org\/{rel}","templated":true}]}}