{"id":20291,"date":"2020-12-05T21:38:11","date_gmt":"2020-12-05T18:38:11","guid":{"rendered":"https:\/\/xon.com.tr\/tur\/?post_type=product&#038;p=20291"},"modified":"2023-03-01T19:55:12","modified_gmt":"2023-03-01T16:55:12","slug":"xon-topaz-tel-spiral-cilt-makinesi","status":"publish","type":"product","link":"https:\/\/xon.com.tr\/tur\/magaza\/ciltleme\/tel-spiral-makineleri\/xon-topaz-tel-spiral-cilt-makinesi\/","title":{"rendered":"XON TOPAZ TEL SP\u0130RAL C\u0130LT MAK\u0130NES\u0130"},"content":{"rendered":"","protected":false},"excerpt":{"rendered":"<p>&nbsp;<\/p>\n<ul>\n<li><strong>3:1 &#8211; 2:1 S\u0130STEM<\/strong><\/li>\n<li><strong>Maksimum Delme Kapasitesi : 25 yaprak ( 80gr.)<\/strong><\/li>\n<li><strong>Maksimum Ciltleme Kal\u0131nl\u0131\u011f\u0131 : 3:1 120 yaprak 2:1 250 yaprak<\/strong><\/li>\n<li><strong>Maksimum Delik Say\u0131s\u0131 : 3:1 40 \/ 2:1 27 delik<\/strong><\/li>\n<li><strong>Min&amp;Maksimum Sipiral \u00d6l\u00e7\u00fcs\u00fc :3: 1 3\/16 \u2013 9\/16 \/ 2:1 5\/8 &#8211; 1&#8243;<\/strong><\/li>\n<li><strong>A\u011frl\u0131k : 28kg.<\/strong><\/li>\n<li><strong>\u00d6l\u00e7\u00fcler : 425x320x220 mm<\/strong><\/li>\n<li><strong>Garanti : 2 y\u0131l<\/strong><\/li>\n<\/ul>\n<p>&nbsp;<\/p>\n","protected":false},"featured_media":20292,"template":"","meta":[],"product_brand":[],"product_cat":[253],"product_tag":[254,128],"class_list":{"0":"post-20291","1":"product","2":"type-product","3":"status-publish","4":"has-post-thumbnail","6":"product_cat-tel-spiral-makineleri","7":"product_tag-tel-spiral-cilt-makineleri","8":"product_tag-xon","10":"first","11":"instock","12":"taxable","13":"shipping-taxable","14":"purchasable","15":"product-type-simple"},"_links":{"self":[{"href":"https:\/\/xon.com.tr\/tur\/wp-json\/wp\/v2\/product\/20291","targetHints":{"allow":["GET"]}}],"collection":[{"href":"https:\/\/xon.com.tr\/tur\/wp-json\/wp\/v2\/product"}],"about":[{"href":"https:\/\/xon.com.tr\/tur\/wp-json\/wp\/v2\/types\/product"}],"wp:featuredmedia":[{"embeddable":true,"href":"https:\/\/xon.com.tr\/tur\/wp-json\/wp\/v2\/media\/20292"}],"wp:attachment":[{"href":"https:\/\/xon.com.tr\/tur\/wp-json\/wp\/v2\/media?parent=20291"}],"wp:term":[{"taxonomy":"product_brand","embeddable":true,"href":"https:\/\/xon.com.tr\/tur\/wp-json\/wp\/v2\/product_brand?post=20291"},{"taxonomy":"product_cat","embeddable":true,"href":"https:\/\/xon.com.tr\/tur\/wp-json\/wp\/v2\/product_cat?post=20291"},{"taxonomy":"product_tag","embeddable":true,"href":"https:\/\/xon.com.tr\/tur\/wp-json\/wp\/v2\/product_tag?post=20291"}],"curies":[{"name":"wp","href":"https:\/\/api.w.org\/{rel}","templated":true}]}}