{"id":20293,"date":"2020-12-05T21:40:19","date_gmt":"2020-12-05T18:40:19","guid":{"rendered":"https:\/\/xon.com.tr\/tur\/?post_type=product&#038;p=20293"},"modified":"2023-03-01T19:55:06","modified_gmt":"2023-03-01T16:55:06","slug":"xon-magnezit-delme-ve-takvim-yeri-acma-makinesi","status":"publish","type":"product","link":"https:\/\/xon.com.tr\/tur\/magaza\/ciltleme\/tel-spiral-makineleri\/xon-magnezit-delme-ve-takvim-yeri-acma-makinesi\/","title":{"rendered":"XON MAGNEZ\u0130T DELME VE TAKV\u0130M YER\u0130 A\u00c7MA MAK\u0130NES\u0130"},"content":{"rendered":"","protected":false},"excerpt":{"rendered":"<p>&nbsp;<\/p>\n<ul>\n<li><strong>DELME KAPAS\u0130TES\u0130 : 20 YAPRAK(80GR.) PVC 6 YAPRAK<\/strong><\/li>\n<li><strong>C\u0130LTLEME KAPAS\u0130TES\u0130 : 120 YAPRAK (14,3MM.TEL SP\u0130RAL)<\/strong><\/li>\n<li><strong>MARJ AYARLAMA ARALI\u011eI : 2,5\/4,5\/6,5<\/strong><\/li>\n<li><strong>DEL\u0130K ARALI\u011eI : 8,47 MM.<\/strong><\/li>\n<li><strong>DEL\u0130K \u00d6ZELL\u0130\u011e\u0130 : 4X4 MM2<\/strong><\/li>\n<li><strong>DEL\u0130K ADED\u0130 : 37 DEL\u0130K<\/strong><\/li>\n<li><strong>\u00d6L\u00c7\u00dcLER : 540X420X320 MM.<\/strong><\/li>\n<li><strong>A\u011eIRLIK : 17 KG.<\/strong><\/li>\n<li><strong>GARANT\u0130 : 2 YIL<\/strong><\/li>\n<\/ul>\n<p>&nbsp;<\/p>\n","protected":false},"featured_media":20294,"template":"","meta":[],"product_brand":[],"product_cat":[253],"product_tag":[254,128],"class_list":{"0":"post-20293","1":"product","2":"type-product","3":"status-publish","4":"has-post-thumbnail","6":"product_cat-tel-spiral-makineleri","7":"product_tag-tel-spiral-cilt-makineleri","8":"product_tag-xon","10":"first","11":"instock","12":"taxable","13":"shipping-taxable","14":"purchasable","15":"product-type-simple"},"_links":{"self":[{"href":"https:\/\/xon.com.tr\/tur\/wp-json\/wp\/v2\/product\/20293","targetHints":{"allow":["GET"]}}],"collection":[{"href":"https:\/\/xon.com.tr\/tur\/wp-json\/wp\/v2\/product"}],"about":[{"href":"https:\/\/xon.com.tr\/tur\/wp-json\/wp\/v2\/types\/product"}],"wp:featuredmedia":[{"embeddable":true,"href":"https:\/\/xon.com.tr\/tur\/wp-json\/wp\/v2\/media\/20294"}],"wp:attachment":[{"href":"https:\/\/xon.com.tr\/tur\/wp-json\/wp\/v2\/media?parent=20293"}],"wp:term":[{"taxonomy":"product_brand","embeddable":true,"href":"https:\/\/xon.com.tr\/tur\/wp-json\/wp\/v2\/product_brand?post=20293"},{"taxonomy":"product_cat","embeddable":true,"href":"https:\/\/xon.com.tr\/tur\/wp-json\/wp\/v2\/product_cat?post=20293"},{"taxonomy":"product_tag","embeddable":true,"href":"https:\/\/xon.com.tr\/tur\/wp-json\/wp\/v2\/product_tag?post=20293"}],"curies":[{"name":"wp","href":"https:\/\/api.w.org\/{rel}","templated":true}]}}