{"id":20295,"date":"2020-12-05T21:42:30","date_gmt":"2020-12-05T18:42:30","guid":{"rendered":"https:\/\/xon.com.tr\/tur\/?post_type=product&#038;p=20295"},"modified":"2023-03-01T19:55:02","modified_gmt":"2023-03-01T16:55:02","slug":"xon-tk-100-tel-kapama-makinesi","status":"publish","type":"product","link":"https:\/\/xon.com.tr\/tur\/magaza\/ciltleme\/tel-spiral-makineleri\/xon-tk-100-tel-kapama-makinesi\/","title":{"rendered":"XON TK 100 TEL KAPAMA MAK\u0130NES\u0130"},"content":{"rendered":"","protected":false},"excerpt":{"rendered":"<p>&nbsp;<\/p>\n<ul>\n<li><strong>5mm \/ 38 mm Tel Kapama<\/strong><\/li>\n<li><strong>Metal G\u00f6vde<\/strong><\/li>\n<li><strong>Kolay Kullan\u0131m<\/strong><\/li>\n<li><strong>Tel \u00f6l\u00e7\u00fc kolay ayar<\/strong><\/li>\n<li><strong>2 y\u0131l garanti<\/strong><\/li>\n<\/ul>\n<p>&nbsp;<\/p>\n","protected":false},"featured_media":20296,"template":"","meta":[],"product_brand":[],"product_cat":[253],"product_tag":[254,128],"class_list":{"0":"post-20295","1":"product","2":"type-product","3":"status-publish","4":"has-post-thumbnail","6":"product_cat-tel-spiral-makineleri","7":"product_tag-tel-spiral-cilt-makineleri","8":"product_tag-xon","10":"first","11":"instock","12":"taxable","13":"shipping-taxable","14":"purchasable","15":"product-type-simple"},"_links":{"self":[{"href":"https:\/\/xon.com.tr\/tur\/wp-json\/wp\/v2\/product\/20295","targetHints":{"allow":["GET"]}}],"collection":[{"href":"https:\/\/xon.com.tr\/tur\/wp-json\/wp\/v2\/product"}],"about":[{"href":"https:\/\/xon.com.tr\/tur\/wp-json\/wp\/v2\/types\/product"}],"wp:featuredmedia":[{"embeddable":true,"href":"https:\/\/xon.com.tr\/tur\/wp-json\/wp\/v2\/media\/20296"}],"wp:attachment":[{"href":"https:\/\/xon.com.tr\/tur\/wp-json\/wp\/v2\/media?parent=20295"}],"wp:term":[{"taxonomy":"product_brand","embeddable":true,"href":"https:\/\/xon.com.tr\/tur\/wp-json\/wp\/v2\/product_brand?post=20295"},{"taxonomy":"product_cat","embeddable":true,"href":"https:\/\/xon.com.tr\/tur\/wp-json\/wp\/v2\/product_cat?post=20295"},{"taxonomy":"product_tag","embeddable":true,"href":"https:\/\/xon.com.tr\/tur\/wp-json\/wp\/v2\/product_tag?post=20295"}],"curies":[{"name":"wp","href":"https:\/\/api.w.org\/{rel}","templated":true}]}}