{"id":20303,"date":"2020-12-05T22:38:00","date_gmt":"2020-12-05T19:38:00","guid":{"rendered":"https:\/\/xon.com.tr\/tur\/?post_type=product&#038;p=20303"},"modified":"2023-03-01T19:54:32","modified_gmt":"2023-03-01T16:54:32","slug":"xon-pm-65-profesyonel-delme-makinesi","status":"publish","type":"product","link":"https:\/\/xon.com.tr\/tur\/magaza\/ciltleme\/tel-spiral-makineleri\/xon-pm-65-profesyonel-delme-makinesi\/","title":{"rendered":"XON PM 65 PROFESYONEL DELME MAK\u0130NES\u0130"},"content":{"rendered":"","protected":false},"excerpt":{"rendered":"<p>&nbsp;<\/p>\n<ul>\n<li><strong>Delme uzunlu\u011fu : 600 mm<\/strong><\/li>\n<li><strong>Max.delme H\u0131z\u0131 : 100\/dk.<\/strong><\/li>\n<li><strong>Delme Kal\u0131nl\u0131\u011f\u0131 : 25 mm.<\/strong><\/li>\n<li><strong>Boyutlar : 890x625x1090 mm<\/strong><\/li>\n<li><strong>A\u011f\u0131rl\u0131k : 125 kg.<\/strong><\/li>\n<li><strong>G\u00fc\u00e7 : 380vac\/3PH\/50Hz\/0,75Kw.\/1,7a<\/strong><\/li>\n<li><strong>Garanti : 2 y\u0131l<\/strong><\/li>\n<\/ul>\n<p>&nbsp;<\/p>\n","protected":false},"featured_media":20304,"template":"","meta":[],"product_brand":[],"product_cat":[253],"product_tag":[254,128],"class_list":{"0":"post-20303","1":"product","2":"type-product","3":"status-publish","4":"has-post-thumbnail","6":"product_cat-tel-spiral-makineleri","7":"product_tag-tel-spiral-cilt-makineleri","8":"product_tag-xon","10":"first","11":"instock","12":"taxable","13":"shipping-taxable","14":"purchasable","15":"product-type-simple"},"_links":{"self":[{"href":"https:\/\/xon.com.tr\/tur\/wp-json\/wp\/v2\/product\/20303","targetHints":{"allow":["GET"]}}],"collection":[{"href":"https:\/\/xon.com.tr\/tur\/wp-json\/wp\/v2\/product"}],"about":[{"href":"https:\/\/xon.com.tr\/tur\/wp-json\/wp\/v2\/types\/product"}],"wp:featuredmedia":[{"embeddable":true,"href":"https:\/\/xon.com.tr\/tur\/wp-json\/wp\/v2\/media\/20304"}],"wp:attachment":[{"href":"https:\/\/xon.com.tr\/tur\/wp-json\/wp\/v2\/media?parent=20303"}],"wp:term":[{"taxonomy":"product_brand","embeddable":true,"href":"https:\/\/xon.com.tr\/tur\/wp-json\/wp\/v2\/product_brand?post=20303"},{"taxonomy":"product_cat","embeddable":true,"href":"https:\/\/xon.com.tr\/tur\/wp-json\/wp\/v2\/product_cat?post=20303"},{"taxonomy":"product_tag","embeddable":true,"href":"https:\/\/xon.com.tr\/tur\/wp-json\/wp\/v2\/product_tag?post=20303"}],"curies":[{"name":"wp","href":"https:\/\/api.w.org\/{rel}","templated":true}]}}