{"id":20307,"date":"2020-12-05T22:43:53","date_gmt":"2020-12-05T19:43:53","guid":{"rendered":"https:\/\/xon.com.tr\/tur\/?post_type=product&#038;p=20307"},"modified":"2023-03-01T19:57:46","modified_gmt":"2023-03-01T16:57:46","slug":"tata-orbis-plastik-spiral-cilt-makinasi","status":"publish","type":"product","link":"https:\/\/xon.com.tr\/tur\/magaza\/ciltleme\/plastik-spiral-makineleri\/tata-orbis-plastik-spiral-cilt-makinasi\/","title":{"rendered":"TATA ORB\u0130S PLAST\u0130K SP\u0130RAL C\u0130LT MAK\u0130NASI"},"content":{"rendered":"","protected":false},"excerpt":{"rendered":"<p>&nbsp;<\/p>\n<ul>\n<li><strong>Maksimum Delme Kapasitesi : 10 yaprak ( 80gr.)<\/strong><\/li>\n<li><strong>Maksimum Ciltleme Uzunlu\u011fu : A4<\/strong><\/li>\n<li><strong>Maksimum Ciltleme Kal\u0131nl\u0131\u011f\u0131 : 500 yaprak<\/strong><\/li>\n<li><strong>Maksimum Sipiral \u00d6l\u00e7\u00fcs\u00fc : 51 mm.<\/strong><\/li>\n<li><strong>A\u011frl\u0131k : 6,1 kg.<\/strong><\/li>\n<li><strong>\u00d6l\u00e7\u00fcler : 370x230x160 mm<\/strong><\/li>\n<li><strong>Garanti : 2 y\u0131l<\/strong><\/li>\n<\/ul>\n<p>&nbsp;<\/p>\n","protected":false},"featured_media":20308,"template":"","meta":[],"product_brand":[],"product_cat":[255],"product_tag":[256,176],"class_list":{"0":"post-20307","1":"product","2":"type-product","3":"status-publish","4":"has-post-thumbnail","6":"product_cat-plastik-spiral-makineleri","7":"product_tag-plastik-spiral-makinesi","8":"product_tag-tata","10":"first","11":"instock","12":"taxable","13":"shipping-taxable","14":"purchasable","15":"product-type-simple"},"_links":{"self":[{"href":"https:\/\/xon.com.tr\/tur\/wp-json\/wp\/v2\/product\/20307","targetHints":{"allow":["GET"]}}],"collection":[{"href":"https:\/\/xon.com.tr\/tur\/wp-json\/wp\/v2\/product"}],"about":[{"href":"https:\/\/xon.com.tr\/tur\/wp-json\/wp\/v2\/types\/product"}],"wp:featuredmedia":[{"embeddable":true,"href":"https:\/\/xon.com.tr\/tur\/wp-json\/wp\/v2\/media\/20308"}],"wp:attachment":[{"href":"https:\/\/xon.com.tr\/tur\/wp-json\/wp\/v2\/media?parent=20307"}],"wp:term":[{"taxonomy":"product_brand","embeddable":true,"href":"https:\/\/xon.com.tr\/tur\/wp-json\/wp\/v2\/product_brand?post=20307"},{"taxonomy":"product_cat","embeddable":true,"href":"https:\/\/xon.com.tr\/tur\/wp-json\/wp\/v2\/product_cat?post=20307"},{"taxonomy":"product_tag","embeddable":true,"href":"https:\/\/xon.com.tr\/tur\/wp-json\/wp\/v2\/product_tag?post=20307"}],"curies":[{"name":"wp","href":"https:\/\/api.w.org\/{rel}","templated":true}]}}