{"id":20328,"date":"2020-12-12T19:09:36","date_gmt":"2020-12-12T16:09:36","guid":{"rendered":"https:\/\/xon.com.tr\/tur\/?post_type=product&#038;p=20328"},"modified":"2023-03-01T20:00:32","modified_gmt":"2023-03-01T17:00:32","slug":"xon-helezon-pensesi","status":"publish","type":"product","link":"https:\/\/xon.com.tr\/tur\/magaza\/ciltleme\/helezon-spiral-makineleri\/xon-helezon-pensesi\/","title":{"rendered":"XON HELEZON PENSES\u0130"},"content":{"rendered":"","protected":false},"excerpt":{"rendered":"<p><strong>Delinmi\u015f ka\u011fda manuel veya elektrikli sprial takma <\/strong><strong>Makinas\u0131yla tak\u0131lm\u0131\u015f spirallerin her iki ucunu kesip\u00a0<\/strong><strong>ve spiralin ka\u011f\u0131ttan \u00e7\u0131kmamas\u0131 i\u00e7in k\u0131v\u0131ran bir pensedir.\u00a0<\/strong><strong>\u00d6zel olarak bu i\u015f i\u00e7in imal edilmi\u015ftir.<\/strong><\/p>\n<p>&nbsp;<\/p>\n<p>&nbsp;<\/p>\n<p>&nbsp;<\/p>\n","protected":false},"featured_media":20701,"template":"","meta":[],"product_brand":[],"product_cat":[257],"product_tag":[258,128],"class_list":{"0":"post-20328","1":"product","2":"type-product","3":"status-publish","4":"has-post-thumbnail","6":"product_cat-helezon-spiral-makineleri","7":"product_tag-helezon-spiral-makinesi","8":"product_tag-xon","10":"first","11":"instock","12":"taxable","13":"shipping-taxable","14":"purchasable","15":"product-type-simple"},"_links":{"self":[{"href":"https:\/\/xon.com.tr\/tur\/wp-json\/wp\/v2\/product\/20328","targetHints":{"allow":["GET"]}}],"collection":[{"href":"https:\/\/xon.com.tr\/tur\/wp-json\/wp\/v2\/product"}],"about":[{"href":"https:\/\/xon.com.tr\/tur\/wp-json\/wp\/v2\/types\/product"}],"wp:featuredmedia":[{"embeddable":true,"href":"https:\/\/xon.com.tr\/tur\/wp-json\/wp\/v2\/media\/20701"}],"wp:attachment":[{"href":"https:\/\/xon.com.tr\/tur\/wp-json\/wp\/v2\/media?parent=20328"}],"wp:term":[{"taxonomy":"product_brand","embeddable":true,"href":"https:\/\/xon.com.tr\/tur\/wp-json\/wp\/v2\/product_brand?post=20328"},{"taxonomy":"product_cat","embeddable":true,"href":"https:\/\/xon.com.tr\/tur\/wp-json\/wp\/v2\/product_cat?post=20328"},{"taxonomy":"product_tag","embeddable":true,"href":"https:\/\/xon.com.tr\/tur\/wp-json\/wp\/v2\/product_tag?post=20328"}],"curies":[{"name":"wp","href":"https:\/\/api.w.org\/{rel}","templated":true}]}}