{"id":20331,"date":"2020-12-12T19:30:35","date_gmt":"2020-12-12T16:30:35","guid":{"rendered":"https:\/\/xon.com.tr\/tur\/?post_type=product&#038;p=20331"},"modified":"2021-12-13T14:27:42","modified_gmt":"2021-12-13T11:27:42","slug":"xon-opal-helezon-cilt-makinesi","status":"publish","type":"product","link":"https:\/\/xon.com.tr\/tur\/magaza\/ciltleme\/helezon-spiral-makineleri\/xon-opal-helezon-cilt-makinesi\/","title":{"rendered":"XON OPAL HELEZON C\u0130LT MAK\u0130NES\u0130"},"content":{"rendered":"","protected":false},"excerpt":{"rendered":"<p><strong>Metal g\u00f6vdeli ,profesyonel kullan\u0131ma uygun,delik iptali, <\/strong><strong>derinlik ayar\u0131 ve elektrikli takma\u00a0 zelli\u011fine sahip, kenarlar\u0131 a\u00e7\u0131k<\/strong><\/p>\n<p><strong>profesyonel helezon cilt makinesidir.<\/strong><\/p>\n<p>&nbsp;<\/p>\n<p>&nbsp;<\/p>\n<p>[fusion_checklist icon=&#8221;ok&#8221; iconcolor=&#8221;#aaaaaa&#8221; circle=&#8221;no&#8221;]<\/p>\n<ul>\n<li><strong>Max.Delme Kapasitesi : 26 yaprak (80gr.)<\/strong><\/li>\n<li><strong>Max.Ciltleme Kapasitesi : 220 yaprak (25,4mm.)<\/strong><\/li>\n<li><strong>Marj Ayarlama Aral\u0131\u011f\u0131 : 2.5\/4.5\/6.5 mm.<\/strong><\/li>\n<li><strong>Delik Aral\u0131\u011f\u0131 : 6.35 mm.<\/strong><\/li>\n<li><strong>Delik \u00d6zelli\u011fi : 4 mm. daire\/4&#215;5 mm. Oval<\/strong><\/li>\n<li><strong>Delik Say\u0131s\u0131 : 46 adet<\/strong><\/li>\n<li><strong>Boyutlar : 510x470x340 mm.<\/strong><\/li>\n<li><strong>A\u011f\u0131rl\u0131k : 14,5 kg.<\/strong><\/li>\n<li><strong>Garanti : 2 Y\u0131l<\/strong><\/li>\n<\/ul>\n<p>[\/fusion_checklist]<\/p>\n","protected":false},"featured_media":20700,"template":"","meta":[],"product_brand":[],"product_cat":[257],"product_tag":[258,128],"class_list":{"0":"post-20331","1":"product","2":"type-product","3":"status-publish","4":"has-post-thumbnail","6":"product_cat-helezon-spiral-makineleri","7":"product_tag-helezon-spiral-makinesi","8":"product_tag-xon","10":"first","11":"instock","12":"taxable","13":"shipping-taxable","14":"purchasable","15":"product-type-simple"},"_links":{"self":[{"href":"https:\/\/xon.com.tr\/tur\/wp-json\/wp\/v2\/product\/20331","targetHints":{"allow":["GET"]}}],"collection":[{"href":"https:\/\/xon.com.tr\/tur\/wp-json\/wp\/v2\/product"}],"about":[{"href":"https:\/\/xon.com.tr\/tur\/wp-json\/wp\/v2\/types\/product"}],"wp:featuredmedia":[{"embeddable":true,"href":"https:\/\/xon.com.tr\/tur\/wp-json\/wp\/v2\/media\/20700"}],"wp:attachment":[{"href":"https:\/\/xon.com.tr\/tur\/wp-json\/wp\/v2\/media?parent=20331"}],"wp:term":[{"taxonomy":"product_brand","embeddable":true,"href":"https:\/\/xon.com.tr\/tur\/wp-json\/wp\/v2\/product_brand?post=20331"},{"taxonomy":"product_cat","embeddable":true,"href":"https:\/\/xon.com.tr\/tur\/wp-json\/wp\/v2\/product_cat?post=20331"},{"taxonomy":"product_tag","embeddable":true,"href":"https:\/\/xon.com.tr\/tur\/wp-json\/wp\/v2\/product_tag?post=20331"}],"curies":[{"name":"wp","href":"https:\/\/api.w.org\/{rel}","templated":true}]}}