{"id":20335,"date":"2020-12-12T20:06:11","date_gmt":"2020-12-12T17:06:11","guid":{"rendered":"https:\/\/xon.com.tr\/tur\/?post_type=product&#038;p=20335"},"modified":"2023-03-01T20:00:08","modified_gmt":"2023-03-01T17:00:08","slug":"xon-mercan-helezon-spiral-cilt-makinesi","status":"publish","type":"product","link":"https:\/\/xon.com.tr\/tur\/magaza\/ciltleme\/helezon-spiral-makineleri\/xon-mercan-helezon-spiral-cilt-makinesi\/","title":{"rendered":"XON MERCAN HELEZON C\u0130LT MAK\u0130NES\u0130"},"content":{"rendered":"","protected":false},"excerpt":{"rendered":"<p><strong>* Metal G\u00f6vdeli, kolay kullan\u0131ml\u0131,delik iptali ve elektrikli <\/strong><strong>takma \u00f6zelli\u011fine sahip,kenarlar\u0131 a\u00e7\u0131k helezon cilt makinesidir.<\/strong><\/p>\n<ul>\n<li><strong>Max.Delme Kapasitesi : 20 yaprak (80gr.)<\/strong><\/li>\n<li><strong>Max.Ciltleme Kapasitesi : 220 yaprak (25,4mm.)<\/strong><\/li>\n<li><strong>Marj Ayarlama Aral\u0131\u011f\u0131 : 2\/4\/6 mm.<\/strong><\/li>\n<li><strong>Delik Aral\u0131\u011f\u0131 : 6.35 mm.<\/strong><\/li>\n<li><strong>Delik \u00d6zelli\u011fi : 4 mm. daire<\/strong><\/li>\n<li><strong>Delik Say\u0131s\u0131 : 46 adet<\/strong><\/li>\n<li><strong>Boyutlar : 510x470x340 mm.<\/strong><\/li>\n<li><strong>A\u011f\u0131rl\u0131k : 105 kg.<\/strong><\/li>\n<li><strong>Garanti : 2 Y\u0131l<\/strong><\/li>\n<\/ul>\n<p>&nbsp;<\/p>\n","protected":false},"featured_media":20699,"template":"","meta":[],"product_brand":[],"product_cat":[257],"product_tag":[258,128],"class_list":{"0":"post-20335","1":"product","2":"type-product","3":"status-publish","4":"has-post-thumbnail","6":"product_cat-helezon-spiral-makineleri","7":"product_tag-helezon-spiral-makinesi","8":"product_tag-xon","10":"first","11":"instock","12":"taxable","13":"shipping-taxable","14":"purchasable","15":"product-type-simple"},"_links":{"self":[{"href":"https:\/\/xon.com.tr\/tur\/wp-json\/wp\/v2\/product\/20335","targetHints":{"allow":["GET"]}}],"collection":[{"href":"https:\/\/xon.com.tr\/tur\/wp-json\/wp\/v2\/product"}],"about":[{"href":"https:\/\/xon.com.tr\/tur\/wp-json\/wp\/v2\/types\/product"}],"wp:featuredmedia":[{"embeddable":true,"href":"https:\/\/xon.com.tr\/tur\/wp-json\/wp\/v2\/media\/20699"}],"wp:attachment":[{"href":"https:\/\/xon.com.tr\/tur\/wp-json\/wp\/v2\/media?parent=20335"}],"wp:term":[{"taxonomy":"product_brand","embeddable":true,"href":"https:\/\/xon.com.tr\/tur\/wp-json\/wp\/v2\/product_brand?post=20335"},{"taxonomy":"product_cat","embeddable":true,"href":"https:\/\/xon.com.tr\/tur\/wp-json\/wp\/v2\/product_cat?post=20335"},{"taxonomy":"product_tag","embeddable":true,"href":"https:\/\/xon.com.tr\/tur\/wp-json\/wp\/v2\/product_tag?post=20335"}],"curies":[{"name":"wp","href":"https:\/\/api.w.org\/{rel}","templated":true}]}}